{"id":95,"date":"2024-12-05T23:22:36","date_gmt":"2024-12-05T23:22:36","guid":{"rendered":"https:\/\/tucontadorlatino.com\/?page_id=95"},"modified":"2024-12-18T07:51:01","modified_gmt":"2024-12-18T07:51:01","slug":"reportes-financieros","status":"publish","type":"page","link":"https:\/\/tucontadorlatino.com\/en\/reportes-financieros\/","title":{"rendered":"Financial Reports"},"content":{"rendered":"<div class=\"wp-block-stackable-columns alignwide stk-block-columns stk-block stk-1ffafca\" data-block-id=\"1ffafca\"><div class=\"stk-row stk-inner-blocks stk-block-content stk-content-align stk-1ffafca-column alignwide\">\n<div class=\"wp-block-stackable-column stk-block-column stk-column stk-block stk-b88a2ee\" data-v=\"4\" data-block-id=\"b88a2ee\"><div class=\"stk-column-wrapper stk-block-column__content stk-container stk-b88a2ee-container stk--no-background stk--no-padding\"><div class=\"stk-block-content stk-inner-blocks stk-b88a2ee-inner-blocks\">\n<div class=\"wp-block-stackable-heading stk-block-heading stk-block-heading--v2 stk-block stk-6f68ed9\" id=\"la-vision-clara-que-tu-negocio-necesita\" data-block-id=\"6f68ed9\"><h2 class=\"stk-block-heading__text\">The Clear Vision Your Business Needs<\/h2><\/div>\n\n\n\n<p>Understanding the numbers behind your business is crucial for making smart and strategic decisions. At <em>Tu Contador Latino<\/em>, we provide personalized financial reports that give you a comprehensive view of your income, expenses, and profitability. Everything is designed simply and in your language, so you don\u2019t have to worry about confusing terms or technical jargon.<\/p>\n\n\n\n<p>Our reports not only show figures; we also help you interpret them so you can understand how your business is performing and what you can do to improve. From balance sheets to cash flow analysis, our reports are essential tools to help you plan your financial future with security and confidence.<\/p>\n\n\n\n<div class=\"wp-block-stackable-columns stk-block-columns stk-block stk-2c5850a\" data-block-id=\"2c5850a\"><style>.stk-2c5850a {margin-bottom:32px !important;}.stk-2c5850a-column{--stk-column-gap:48px !important;}<\/style><div class=\"stk-row stk-inner-blocks stk-block-content stk-content-align stk-2c5850a-column\">\n<div class=\"wp-block-stackable-column stk-block-column stk-column stk-block stk-e097a81\" data-v=\"4\" data-block-id=\"e097a81\"><style>.stk-e097a81-container{margin-top:0px !important;margin-right:0px !important;margin-bottom:0px !important;margin-left:0px !important;}<\/style><div class=\"stk-column-wrapper stk-block-column__content stk-container stk-e097a81-container stk--no-background stk--no-padding\"><div class=\"stk-block-content stk-inner-blocks stk-e097a81-inner-blocks\">\n<div class=\"wp-block-stackable-subtitle stk-block-subtitle stk-block stk-4bb0205\" data-block-id=\"4bb0205\"><style>.stk-4bb0205 {margin-bottom:8px !important;}<\/style><p class=\"stk-block-subtitle__text stk-subtitle\"><strong>Total Transparency:<\/strong><\/p><\/div>\n\n\n\n<p>Get a clear and detailed view of your business finances, presented in an easy-to-understand format.<\/p>\n<\/div><\/div><\/div>\n\n\n\n<div class=\"wp-block-stackable-column stk-block-column stk-column stk-block stk-e0dd5a6\" data-v=\"4\" data-block-id=\"e0dd5a6\"><style>.stk-e0dd5a6-container{margin-top:0px !important;margin-right:0px !important;margin-bottom:0px !important;margin-left:0px !important;}<\/style><div class=\"stk-column-wrapper stk-block-column__content stk-container stk-e0dd5a6-container stk--no-background stk--no-padding\"><div class=\"stk-block-content stk-inner-blocks stk-e0dd5a6-inner-blocks\">\n<div class=\"wp-block-stackable-subtitle stk-block-subtitle stk-block stk-97b6706\" data-block-id=\"97b6706\"><style>.stk-97b6706 {margin-bottom:8px !important;}<\/style><p class=\"stk-block-subtitle__text stk-subtitle\"><strong>Opportunity Identification:<\/strong><\/p><\/div>\n\n\n\n<p>Discover areas where you can reduce costs, increase revenue, and improve operational efficiency.<\/p>\n<\/div><\/div><\/div>\n\n\n\n<div class=\"wp-block-stackable-column stk-block-column stk-column stk-block stk-1f756fe\" data-v=\"4\" data-block-id=\"1f756fe\"><style>.stk-1f756fe-container{margin-top:0px !important;margin-right:0px !important;margin-bottom:0px !important;margin-left:0px !important;}<\/style><div class=\"stk-column-wrapper stk-block-column__content stk-container stk-1f756fe-container stk--no-background stk--no-padding\"><div class=\"stk-block-content stk-inner-blocks stk-1f756fe-inner-blocks\">\n<div class=\"wp-block-stackable-subtitle stk-block-subtitle stk-block stk-55b4644\" data-block-id=\"55b4644\"><style>.stk-55b4644 {margin-bottom:8px !important;}<\/style><p class=\"stk-block-subtitle__text stk-subtitle\"><strong>Informed Decision-Making:<\/strong><\/p><\/div>\n\n\n\n<p>Use accurate and reliable data to make strategic decisions that drive the growth and stability of your business.<\/p>\n<\/div><\/div><\/div>\n<\/div><\/div>\n\n\n\n<div class=\"wp-block-stackable-columns stk-block-columns stk-block stk-98aa987\" data-block-id=\"98aa987\"><style>.stk-98aa987-column{--stk-column-gap:32px !important;}<\/style><div class=\"stk-row stk-inner-blocks stk-block-content stk-content-align stk-98aa987-column\">\n<div class=\"wp-block-stackable-column stk-block-column stk-column stk-block stk-43404b7\" data-v=\"4\" data-block-id=\"43404b7\"><style>.stk-43404b7-container{margin-top:0px !important;margin-right:0px !important;margin-bottom:0px !important;margin-left:0px !important;}@media screen and (min-width:690px){.stk-43404b7 {flex:var(--stk-flex-grow, 1) 1 66.7% !important;}}@media screen and (min-width:690px) and (max-width:999px){.stk-43404b7 {flex:var(--stk-flex-grow, 1) 1 calc(60% - var(--stk-column-gap, 0px) * 1 \/ 2 ) !important;}}<\/style><div class=\"stk-column-wrapper stk-block-column__content stk-container stk-43404b7-container stk--no-background stk--no-padding\"><div class=\"stk-block-content stk-inner-blocks stk-43404b7-inner-blocks\">\n<div class=\"wp-block-stackable-image stk-block-image stk-block stk-a53e487\" data-block-id=\"a53e487\"><style>.stk-a53e487 .stk-img-wrapper{height:400px !important;}<\/style><figure><span class=\"stk-img-wrapper stk-image--shape-stretch\"><img loading=\"lazy\" decoding=\"async\" class=\"stk-img wp-image-230\" src=\"https:\/\/tucontadorlatino.com\/wp-content\/uploads\/2024\/12\/reportes--scaled.jpg\" width=\"2560\" height=\"1429\" srcset=\"https:\/\/tucontadorlatino.com\/wp-content\/uploads\/2024\/12\/reportes--scaled.jpg 2560w, https:\/\/tucontadorlatino.com\/wp-content\/uploads\/2024\/12\/reportes--300x167.jpg 300w, https:\/\/tucontadorlatino.com\/wp-content\/uploads\/2024\/12\/reportes--1024x572.jpg 1024w, https:\/\/tucontadorlatino.com\/wp-content\/uploads\/2024\/12\/reportes--768x429.jpg 768w, https:\/\/tucontadorlatino.com\/wp-content\/uploads\/2024\/12\/reportes--1536x857.jpg 1536w, https:\/\/tucontadorlatino.com\/wp-content\/uploads\/2024\/12\/reportes--2048x1143.jpg 2048w\" sizes=\"auto, (max-width: 2560px) 100vw, 2560px\" \/><\/span><\/figure><\/div>\n<\/div><\/div><\/div>\n\n\n\n<div class=\"wp-block-stackable-column stk-block-column stk-column stk-block stk-8d5d141\" data-v=\"4\" data-block-id=\"8d5d141\"><style>.stk-8d5d141-container{margin-top:0px !important;margin-right:0px !important;margin-bottom:0px !important;margin-left:0px !important;}@media screen and (min-width:690px){.stk-8d5d141 {flex:var(--stk-flex-grow, 1) 1 33.3% !important;}}@media screen and (min-width:690px) and (max-width:999px){.stk-8d5d141 {flex:var(--stk-flex-grow, 1) 1 calc(39.8% - var(--stk-column-gap, 0px) * 1 \/ 2 ) !important;}}<\/style><div class=\"stk-column-wrapper stk-block-column__content stk-container stk-8d5d141-container stk--no-background stk--no-padding\"><div class=\"stk-block-content stk-inner-blocks stk-8d5d141-inner-blocks\">\n<div class=\"wp-block-stackable-image stk-block-image stk-block stk-4c622d1\" data-block-id=\"4c622d1\"><style>.stk-4c622d1 .stk-img-wrapper{height:400px !important;}<\/style><figure><span class=\"stk-img-wrapper stk-image--shape-stretch\"><img loading=\"lazy\" decoding=\"async\" class=\"stk-img wp-image-228\" src=\"https:\/\/tucontadorlatino.com\/wp-content\/uploads\/2024\/12\/REPORTES-FINANCIEROS.png\" width=\"1500\" height=\"1500\" srcset=\"https:\/\/tucontadorlatino.com\/wp-content\/uploads\/2024\/12\/REPORTES-FINANCIEROS.png 1500w, https:\/\/tucontadorlatino.com\/wp-content\/uploads\/2024\/12\/REPORTES-FINANCIEROS-300x300.png 300w, https:\/\/tucontadorlatino.com\/wp-content\/uploads\/2024\/12\/REPORTES-FINANCIEROS-1024x1024.png 1024w, https:\/\/tucontadorlatino.com\/wp-content\/uploads\/2024\/12\/REPORTES-FINANCIEROS-150x150.png 150w, https:\/\/tucontadorlatino.com\/wp-content\/uploads\/2024\/12\/REPORTES-FINANCIEROS-768x768.png 768w\" sizes=\"auto, (max-width: 1500px) 100vw, 1500px\" \/><\/span><\/figure><\/div>\n<\/div><\/div><\/div>\n<\/div><\/div>\n<\/div><\/div><\/div>\n<\/div><\/div>","protected":false},"excerpt":{"rendered":"<p>La Visi\u00f3n Clara que Tu Negocio Necesita Conocer los n\u00fameros detr\u00e1s de tu negocio es fundamental para tomar decisiones inteligentes y estrat\u00e9gicas. En Tu Contador Latino, ofrecemos reportes financieros personalizados que te proporcionan una visi\u00f3n completa de tus ingresos, gastos y rentabilidad. Todo est\u00e1 dise\u00f1ado de manera sencilla y en tu idioma, para que no [&hellip;]<\/p>","protected":false},"author":1,"featured_media":0,"parent":0,"menu_order":0,"comment_status":"closed","ping_status":"closed","template":"","meta":{"footnotes":""},"class_list":["post-95","page","type-page","status-publish","hentry"],"blocksy_meta":[],"_links":{"self":[{"href":"https:\/\/tucontadorlatino.com\/en\/wp-json\/wp\/v2\/pages\/95","targetHints":{"allow":["GET"]}}],"collection":[{"href":"https:\/\/tucontadorlatino.com\/en\/wp-json\/wp\/v2\/pages"}],"about":[{"href":"https:\/\/tucontadorlatino.com\/en\/wp-json\/wp\/v2\/types\/page"}],"author":[{"embeddable":true,"href":"https:\/\/tucontadorlatino.com\/en\/wp-json\/wp\/v2\/users\/1"}],"replies":[{"embeddable":true,"href":"https:\/\/tucontadorlatino.com\/en\/wp-json\/wp\/v2\/comments?post=95"}],"version-history":[{"count":5,"href":"https:\/\/tucontadorlatino.com\/en\/wp-json\/wp\/v2\/pages\/95\/revisions"}],"predecessor-version":[{"id":231,"href":"https:\/\/tucontadorlatino.com\/en\/wp-json\/wp\/v2\/pages\/95\/revisions\/231"}],"wp:attachment":[{"href":"https:\/\/tucontadorlatino.com\/en\/wp-json\/wp\/v2\/media?parent=95"}],"curies":[{"name":"wp","href":"https:\/\/api.w.org\/{rel}","templated":true}]}}