{"id":94,"date":"2024-12-05T23:22:36","date_gmt":"2024-12-05T23:22:36","guid":{"rendered":"https:\/\/tucontadorlatino.com\/?page_id=94"},"modified":"2024-12-22T10:10:09","modified_gmt":"2024-12-22T10:10:09","slug":"asesoria-contable","status":"publish","type":"page","link":"https:\/\/tucontadorlatino.com\/en\/asesoria-contable\/","title":{"rendered":"Accounting Advisory"},"content":{"rendered":"<div class=\"wp-block-stackable-columns alignwide stk-block-columns stk-block stk-7582e52\" data-block-id=\"7582e52\"><div class=\"stk-row stk-inner-blocks stk-block-content stk-content-align stk-7582e52-column alignwide\">\n<div class=\"wp-block-stackable-column stk-block-column stk-column stk-block stk-cf45202\" data-v=\"4\" data-block-id=\"cf45202\"><div class=\"stk-column-wrapper stk-block-column__content stk-container stk-cf45202-container stk--no-background stk--no-padding\"><div class=\"stk-block-content stk-inner-blocks stk-cf45202-inner-blocks\">\n<div class=\"wp-block-stackable-columns stk-block-columns stk-block stk-dd476c8\" data-block-id=\"dd476c8\"><style>.stk-dd476c8 {margin-bottom:48px !important;}.stk-dd476c8-column{--stk-column-gap:48px !important;}<\/style><div class=\"stk-row stk-inner-blocks stk-block-content stk-content-align stk-dd476c8-column\">\n<div class=\"wp-block-stackable-column stk-block-column stk-column stk-block stk-022fae1\" data-v=\"4\" data-block-id=\"022fae1\"><div class=\"stk-column-wrapper stk-block-column__content stk-container stk-022fae1-container stk--no-background stk--no-padding\"><div class=\"stk-block-content stk-inner-blocks stk-022fae1-inner-blocks\">\n<div class=\"wp-block-stackable-image stk-block-image stk-block stk-71713a1\" data-block-id=\"71713a1\"><style>.stk-71713a1 .stk-img-wrapper{height:500px !important;}<\/style><figure><span class=\"stk-img-wrapper stk-image--shape-stretch\"><img loading=\"lazy\" decoding=\"async\" class=\"stk-img wp-image-265\" src=\"https:\/\/tucontadorlatino.com\/wp-content\/uploads\/2024\/12\/freepik__expand__59414.png\" width=\"1024\" height=\"1024\" srcset=\"https:\/\/tucontadorlatino.com\/wp-content\/uploads\/2024\/12\/freepik__expand__59414.png 1024w, https:\/\/tucontadorlatino.com\/wp-content\/uploads\/2024\/12\/freepik__expand__59414-300x300.png 300w, https:\/\/tucontadorlatino.com\/wp-content\/uploads\/2024\/12\/freepik__expand__59414-150x150.png 150w, https:\/\/tucontadorlatino.com\/wp-content\/uploads\/2024\/12\/freepik__expand__59414-768x768.png 768w\" sizes=\"auto, (max-width: 1024px) 100vw, 1024px\" \/><\/span><\/figure><\/div>\n<\/div><\/div><\/div>\n\n\n\n<div class=\"wp-block-stackable-column stk-block-column stk-column stk-block stk-1d623a8\" data-v=\"4\" data-block-id=\"1d623a8\"><style>.stk-1d623a8-inner-blocks{justify-content:center !important;}.stk-1d623a8-container{display:flex !important;}<\/style><div class=\"stk-column-wrapper stk-block-column__content stk-container stk-1d623a8-container stk--no-background stk--no-padding\"><div class=\"stk-block-content stk-inner-blocks stk-1d623a8-inner-blocks\">\n<div class=\"wp-block-stackable-subtitle stk-block-subtitle stk-block stk-e790f08\" data-block-id=\"e790f08\"><style>.stk-e790f08 {margin-bottom:0px !important;}<\/style><p class=\"stk-block-subtitle__text stk-subtitle\">Make Smart Decisions to Grow Your Business with Experts Who Speak Your Language<\/p><\/div>\n\n\n\n<div class=\"wp-block-stackable-heading stk-block-heading stk-block-heading--v2 stk-block stk-8a30bb5\" id=\"asesoria-contable-la-guia-financiera-que-necesita-tu-negocio\" data-block-id=\"8a30bb5\"><h2 class=\"stk-block-heading__text\">Accounting Advisory: The Financial Guide Your Business Needs<\/h2><\/div>\n\n\n\n<p class=\"translation-block\">As an entrepreneur or business owner, you know that every financial decision can make the difference between success and failure. At Tu Contador Latino, we understand the unique challenges faced by Latino entrepreneurs in the United States, from managing finances to complying with tax regulations. Our accounting advisory service is 100% in Spanish and is designed to help you understand your numbers, plan your growth, and optimize your financial operations.<\/p>\n\n\n\n<p>We work with you to identify issues, find savings opportunities, and ensure your finances are aligned with your business goals. Whether you're starting a new project or looking to improve the profitability of your existing business, we're here to be your strategic partner.<\/p>\n\n\n\n<div class=\"wp-block-stackable-button-group stk-block-button-group stk-block stk-747b173\" data-block-id=\"747b173\"><style>.stk-747b173 .stk-button-group{flex-direction:row !important;}@media screen and (max-width:999px){.stk-747b173 .stk-button-group{flex-direction:row !important;}}@media screen and (max-width:689px){.stk-747b173 .stk-button-group{flex-direction:row !important;}}<\/style><div class=\"stk-row stk-inner-blocks stk-block-content stk-button-group\">\n<div class=\"wp-block-stackable-button stk-block-button stk-block stk-bc19619\" data-block-id=\"bc19619\"><a class=\"stk-link stk-button stk--hover-effect-darken\" href=\"\"><span class=\"stk-button__inner-text\">Free Advisory<\/span><\/a><\/div>\n<\/div><\/div>\n<\/div><\/div><\/div>\n<\/div><\/div>\n\n\n\n<div class=\"wp-block-stackable-columns stk-block-columns stk-block stk-d833b3d\" data-block-id=\"d833b3d\"><div class=\"stk-row stk-inner-blocks stk-block-content stk-content-align stk-d833b3d-column\">\n<div class=\"wp-block-stackable-column stk-block-column stk-column stk-block stk-c6bdcae\" data-v=\"4\" data-block-id=\"c6bdcae\"><div class=\"stk-column-wrapper stk-block-column__content stk-container stk-c6bdcae-container stk--no-background stk--no-padding\"><div class=\"stk-block-content stk-inner-blocks stk-c6bdcae-inner-blocks\">\n<div class=\"wp-block-stackable-icon stk-block-icon stk-block stk-4be2875\" data-block-id=\"4be2875\"><span class=\"stk--svg-wrapper\"><div class=\"stk--inner-svg\"><svg style=\"height:0;width:0\"><defs><lineargradient id=\"linear-gradient-4be2875\" x1=\"0\" x2=\"100%\" y1=\"0\" y2=\"0\"><stop offset=\"0%\" style=\"stop-opacity:1;stop-color:var(--linear-gradient-4-be-2875-color-1)\"><\/stop><stop offset=\"100%\" style=\"stop-opacity:1;stop-color:var(--linear-gradient-4-be-2875-color-2)\"><\/stop><\/lineargradient><\/defs><\/svg><svg xmlns=\"http:\/\/www.w3.org\/2000\/svg\" viewbox=\"0 0 640 512\" aria-hidden=\"true\" width=\"32\" height=\"32\"><path d=\"M208 352c114.9 0 208-78.8 208-176S322.9 0 208 0S0 78.8 0 176c0 38.6 14.7 74.3 39.6 103.4c-3.5 9.4-8.7 17.7-14.2 24.7c-4.8 6.2-9.7 11-13.3 14.3c-1.8 1.6-3.3 2.9-4.3 3.7c-.5 .4-.9 .7-1.1 .8l-.2 .2 0 0 0 0C1 327.2-1.4 334.4 .8 340.9S9.1 352 16 352c21.8 0 43.8-5.6 62.1-12.5c9.2-3.5 17.8-7.4 25.3-11.4C134.1 343.3 169.8 352 208 352zM448 176c0 112.3-99.1 196.9-216.5 207C255.8 457.4 336.4 512 432 512c38.2 0 73.9-8.7 104.7-23.9c7.5 4 16 7.9 25.2 11.4c18.3 6.9 40.3 12.5 62.1 12.5c6.9 0 13.1-4.5 15.2-11.1c2.1-6.6-.2-13.8-5.8-17.9l0 0 0 0-.2-.2c-.2-.2-.6-.4-1.1-.8c-1-.8-2.5-2-4.3-3.7c-3.6-3.3-8.5-8.1-13.3-14.3c-5.5-7-10.7-15.4-14.2-24.7c24.9-29 39.6-64.7 39.6-103.4c0-92.8-84.9-168.9-192.6-175.5c.4 5.1 .6 10.3 .6 15.5z\"><\/path><\/svg><\/div><\/span><\/div>\n\n\n\n<div class=\"wp-block-stackable-heading stk-block-heading stk-block-heading--v2 stk-block stk-18b895d\" id=\"strong-decisiones-mas-informadas-strong\" data-block-id=\"18b895d\"><style>.stk-18b895d {margin-bottom:16px !important;}<\/style><h3 class=\"stk-block-heading__text\"><strong>More Informed Decisions<\/strong><\/h3><\/div>\n\n\n\n<p>Receive clear and personalized financial analysis so you can make decisions with confidence, without complications or confusion.<\/p>\n<\/div><\/div><\/div>\n\n\n\n<div class=\"wp-block-stackable-column stk-block-column stk-column stk-block stk-23d0d52\" data-v=\"4\" data-block-id=\"23d0d52\"><div class=\"stk-column-wrapper stk-block-column__content stk-container stk-23d0d52-container stk--no-background stk--no-padding\"><div class=\"stk-block-content stk-inner-blocks stk-23d0d52-inner-blocks\">\n<div class=\"wp-block-stackable-icon stk-block-icon stk-block stk-d4c4380\" data-block-id=\"d4c4380\"><span class=\"stk--svg-wrapper\"><div class=\"stk--inner-svg\"><svg style=\"height:0;width:0\"><defs><lineargradient id=\"linear-gradient-d4c4380\" x1=\"0\" x2=\"100%\" y1=\"0\" y2=\"0\"><stop offset=\"0%\" style=\"stop-opacity:1;stop-color:var(--linear-gradient-d-4-c-4380-color-1)\"><\/stop><stop offset=\"100%\" style=\"stop-opacity:1;stop-color:var(--linear-gradient-d-4-c-4380-color-2)\"><\/stop><\/lineargradient><\/defs><\/svg><svg xmlns=\"http:\/\/www.w3.org\/2000\/svg\" viewbox=\"0 0 512 512\" aria-hidden=\"true\" width=\"32\" height=\"32\"><path d=\"M352 0c-12.9 0-24.6 7.8-29.6 19.8s-2.2 25.7 6.9 34.9L370.7 96 201.4 265.4c-12.5 12.5-12.5 32.8 0 45.3s32.8 12.5 45.3 0L416 141.3l41.4 41.4c9.2 9.2 22.9 11.9 34.9 6.9s19.8-16.6 19.8-29.6V32c0-17.7-14.3-32-32-32H352zM80 32C35.8 32 0 67.8 0 112V432c0 44.2 35.8 80 80 80H400c44.2 0 80-35.8 80-80V320c0-17.7-14.3-32-32-32s-32 14.3-32 32V432c0 8.8-7.2 16-16 16H80c-8.8 0-16-7.2-16-16V112c0-8.8 7.2-16 16-16H192c17.7 0 32-14.3 32-32s-14.3-32-32-32H80z\"><\/path><\/svg><\/div><\/span><\/div>\n\n\n\n<div class=\"wp-block-stackable-heading stk-block-heading stk-block-heading--v2 stk-block stk-9e4eba9\" id=\"strong-optimizacion-de-costos-y-ahorros-fiscales-strong\" data-block-id=\"9e4eba9\"><style>.stk-9e4eba9 {margin-bottom:16px !important;}<\/style><h3 class=\"stk-block-heading__text\"><strong>Cost Optimization and Tax Savings<\/strong><\/h3><\/div>\n\n\n\n<p>We identify areas where you can reduce expenses and help you take advantage of all available tax deductions for your business.<\/p>\n<\/div><\/div><\/div>\n\n\n\n<div class=\"wp-block-stackable-column stk-block-column stk-column stk-block stk-fd9b7e8\" data-v=\"4\" data-block-id=\"fd9b7e8\"><div class=\"stk-column-wrapper stk-block-column__content stk-container stk-fd9b7e8-container stk--no-background stk--no-padding\"><div class=\"stk-block-content stk-inner-blocks stk-fd9b7e8-inner-blocks\">\n<div class=\"wp-block-stackable-icon stk-block-icon stk-block stk-a7a6285\" data-block-id=\"a7a6285\"><span class=\"stk--svg-wrapper\"><div class=\"stk--inner-svg\"><svg style=\"height:0;width:0\"><defs><lineargradient id=\"linear-gradient-a7a6285\" x1=\"0\" x2=\"100%\" y1=\"0\" y2=\"0\"><stop offset=\"0%\" style=\"stop-opacity:1;stop-color:var(--linear-gradient-a-7-a-6285-color-1)\"><\/stop><stop offset=\"100%\" style=\"stop-opacity:1;stop-color:var(--linear-gradient-a-7-a-6285-color-2)\"><\/stop><\/lineargradient><\/defs><\/svg><svg xmlns=\"http:\/\/www.w3.org\/2000\/svg\" viewbox=\"0 0 448 512\" aria-hidden=\"true\" width=\"32\" height=\"32\"><path d=\"M64 32C28.7 32 0 60.7 0 96V416c0 35.3 28.7 64 64 64H384c35.3 0 64-28.7 64-64V96c0-35.3-28.7-64-64-64H64zM337 209L209 337c-9.4 9.4-24.6 9.4-33.9 0l-64-64c-9.4-9.4-9.4-24.6 0-33.9s24.6-9.4 33.9 0l47 47L303 175c9.4-9.4 24.6-9.4 33.9 0s9.4 24.6 0 33.9z\"><\/path><\/svg><\/div><\/span><\/div>\n\n\n\n<div class=\"wp-block-stackable-heading stk-block-heading stk-block-heading--v2 stk-block stk-9886f06\" id=\"strong-cumplimiento-y-tranquilidad-legal-strong\" data-block-id=\"9886f06\"><style>.stk-9886f06 {margin-bottom:16px !important;}<\/style><h3 class=\"stk-block-heading__text\"><strong>Compliance and Legal Peace of Mind<\/strong><\/h3><\/div>\n\n\n\n<p>We ensure you comply with all tax and accounting regulations, avoiding errors that could lead to fines or audits.<\/p>\n<\/div><\/div><\/div>\n<\/div><\/div>\n<\/div><\/div><\/div>\n<\/div><\/div>","protected":false},"excerpt":{"rendered":"<p>Toma decisiones inteligentes para hacer crecer tu negocio con expertos que hablan tu idioma Asesor\u00eda Contable: La Gu\u00eda Financiera que Necesita Tu Negocio Como emprendedor o due\u00f1o de un negocio, sabes que cada decisi\u00f3n financiera puede marcar la diferencia entre el \u00e9xito y el fracaso. En Tu Contador Latino, entendemos los desaf\u00edos \u00fanicos que enfrentan [&hellip;]<\/p>","protected":false},"author":1,"featured_media":0,"parent":0,"menu_order":0,"comment_status":"closed","ping_status":"closed","template":"","meta":{"footnotes":""},"class_list":["post-94","page","type-page","status-publish","hentry"],"blocksy_meta":{"has_hero_section":"disabled","styles_descriptor":{"styles":{"desktop":"","tablet":"","mobile":""},"google_fonts":[],"version":6}},"_links":{"self":[{"href":"https:\/\/tucontadorlatino.com\/en\/wp-json\/wp\/v2\/pages\/94","targetHints":{"allow":["GET"]}}],"collection":[{"href":"https:\/\/tucontadorlatino.com\/en\/wp-json\/wp\/v2\/pages"}],"about":[{"href":"https:\/\/tucontadorlatino.com\/en\/wp-json\/wp\/v2\/types\/page"}],"author":[{"embeddable":true,"href":"https:\/\/tucontadorlatino.com\/en\/wp-json\/wp\/v2\/users\/1"}],"replies":[{"embeddable":true,"href":"https:\/\/tucontadorlatino.com\/en\/wp-json\/wp\/v2\/comments?post=94"}],"version-history":[{"count":5,"href":"https:\/\/tucontadorlatino.com\/en\/wp-json\/wp\/v2\/pages\/94\/revisions"}],"predecessor-version":[{"id":267,"href":"https:\/\/tucontadorlatino.com\/en\/wp-json\/wp\/v2\/pages\/94\/revisions\/267"}],"wp:attachment":[{"href":"https:\/\/tucontadorlatino.com\/en\/wp-json\/wp\/v2\/media?parent=94"}],"curies":[{"name":"wp","href":"https:\/\/api.w.org\/{rel}","templated":true}]}}