{"id":93,"date":"2024-12-05T23:22:36","date_gmt":"2024-12-05T23:22:36","guid":{"rendered":"https:\/\/tucontadorlatino.com\/?page_id=93"},"modified":"2025-01-02T20:58:53","modified_gmt":"2025-01-02T20:58:53","slug":"planificacion-impositiva-anual","status":"publish","type":"page","link":"https:\/\/tucontadorlatino.com\/en\/planificacion-impositiva-anual\/","title":{"rendered":"Annual Tax Planning"},"content":{"rendered":"<div class=\"wp-block-stackable-columns alignwide stk-block-columns stk-block stk-7582e52\" data-block-id=\"7582e52\"><div class=\"stk-row stk-inner-blocks stk-block-content stk-content-align stk-7582e52-column alignwide\">\n<div class=\"wp-block-stackable-column stk-block-column stk-column stk-block stk-26a212e\" data-v=\"4\" data-block-id=\"26a212e\"><div class=\"stk-column-wrapper stk-block-column__content stk-container stk-26a212e-container stk--no-background stk--no-padding\"><div class=\"stk-block-content stk-inner-blocks stk-26a212e-inner-blocks\">\n<div class=\"wp-block-stackable-columns stk-block-columns stk-block stk-dd476c8\" data-block-id=\"dd476c8\"><style>.stk-dd476c8 {margin-bottom:48px !important;}.stk-dd476c8-column{--stk-column-gap:48px !important;}<\/style><div class=\"stk-row stk-inner-blocks stk-block-content stk-content-align stk-dd476c8-column\">\n<div class=\"wp-block-stackable-column stk-block-column stk-column stk-block stk-54c65d4\" data-v=\"4\" data-block-id=\"54c65d4\"><div class=\"stk-column-wrapper stk-block-column__content stk-container stk-54c65d4-container stk--no-background stk--no-padding\"><div class=\"stk-block-content stk-inner-blocks stk-54c65d4-inner-blocks\">\n<div class=\"wp-block-stackable-image stk-block-image stk-block stk-be18f9b\" data-block-id=\"be18f9b\"><style>.stk-be18f9b .stk-img-wrapper{height:500px !important;}<\/style><figure><span class=\"stk-img-wrapper stk-image--shape-stretch\"><img loading=\"lazy\" decoding=\"async\" class=\"stk-img wp-image-166\" src=\"https:\/\/tucontadorlatino.com\/wp-content\/uploads\/2024\/12\/AdobeStock_169955641-min-scaled-1.jpeg\" width=\"2048\" height=\"1489\" srcset=\"https:\/\/tucontadorlatino.com\/wp-content\/uploads\/2024\/12\/AdobeStock_169955641-min-scaled-1.jpeg 2048w, https:\/\/tucontadorlatino.com\/wp-content\/uploads\/2024\/12\/AdobeStock_169955641-min-scaled-1-300x218.jpeg 300w, https:\/\/tucontadorlatino.com\/wp-content\/uploads\/2024\/12\/AdobeStock_169955641-min-scaled-1-1024x745.jpeg 1024w, https:\/\/tucontadorlatino.com\/wp-content\/uploads\/2024\/12\/AdobeStock_169955641-min-scaled-1-768x558.jpeg 768w, https:\/\/tucontadorlatino.com\/wp-content\/uploads\/2024\/12\/AdobeStock_169955641-min-scaled-1-1536x1117.jpeg 1536w\" sizes=\"auto, (max-width: 2048px) 100vw, 2048px\" \/><\/span><\/figure><\/div>\n<\/div><\/div><\/div>\n\n\n\n<div class=\"wp-block-stackable-column stk-block-column stk-column stk-block stk-93e6e7b\" data-v=\"4\" data-block-id=\"93e6e7b\"><style>.stk-93e6e7b-inner-blocks{justify-content:center !important;}.stk-93e6e7b-container{display:flex !important;}<\/style><div class=\"stk-column-wrapper stk-block-column__content stk-container stk-93e6e7b-container stk--no-background stk--no-padding\"><div class=\"stk-block-content stk-inner-blocks stk-93e6e7b-inner-blocks\">\n<div class=\"wp-block-stackable-subtitle stk-block-subtitle stk-block stk-667fc40\" data-block-id=\"667fc40\"><style>.stk-667fc40 {margin-bottom:0px !important;}<\/style><p class=\"stk-block-subtitle__text stk-subtitle\"><strong> Do you want to be prepared for any changes in tax laws?<\/strong><\/p><\/div>\n\n\n\n<div class=\"wp-block-stackable-heading stk-block-heading stk-block-heading--v2 stk-block stk-d5b552b\" id=\"strong-strong-te-gustaria-pagar-menos-impuestos-y-maximizar-tu-reembolso-el-proximo-ano-strong-strong\" data-block-id=\"d5b552b\"><h2 class=\"stk-block-heading__text\"><strong><strong>Would you like to pay less in taxes and maximize your refund next year?<\/strong><\/strong><\/h2><\/div>\n\n\n\n<p>Good tax planning can make all the difference in your wallet. Our team works with you throughout the year to organize your finances, identify savings opportunities, and prepare you for any eventuality.<\/p>\n\n\n\n<div class=\"wp-block-stackable-button-group stk-block-button-group stk-block stk-747b173\" data-block-id=\"747b173\"><style>.stk-747b173 .stk-button-group{flex-direction:row !important;}@media screen and (max-width:999px){.stk-747b173 .stk-button-group{flex-direction:row !important;}}@media screen and (max-width:689px){.stk-747b173 .stk-button-group{flex-direction:row !important;}}<\/style><div class=\"stk-row stk-inner-blocks stk-block-content stk-button-group\">\n<div class=\"wp-block-stackable-button stk-block-button stk-block stk-d0d7029\" data-block-id=\"d0d7029\"><a class=\"stk-link stk-button stk--hover-effect-darken\" href=\"https:\/\/tucontadorlatino.com\/en\/contacto\/\"><span class=\"stk-button__inner-text\"><strong>FREE CONSULTATION<\/strong><\/span><\/a><\/div>\n<\/div><\/div>\n<\/div><\/div><\/div>\n<\/div><\/div>\n\n\n\n<div class=\"wp-block-stackable-columns stk-block-columns stk-block stk-d833b3d\" data-block-id=\"d833b3d\"><div class=\"stk-row stk-inner-blocks stk-block-content stk-content-align stk-d833b3d-column\">\n<div class=\"wp-block-stackable-column stk-block-column stk-column stk-block stk-5d058c4\" data-v=\"4\" data-block-id=\"5d058c4\"><div class=\"stk-column-wrapper stk-block-column__content stk-container stk-5d058c4-container stk--no-background stk--no-padding\"><div class=\"stk-block-content stk-inner-blocks stk-5d058c4-inner-blocks\">\n<div class=\"wp-block-stackable-icon stk-block-icon stk-block stk-86d6315\" data-block-id=\"86d6315\"><span class=\"stk--svg-wrapper\"><div class=\"stk--inner-svg\"><svg style=\"height:0;width:0\"><defs><lineargradient id=\"linear-gradient-86d6315\" x1=\"0\" x2=\"100%\" y1=\"0\" y2=\"0\"><stop offset=\"0%\" style=\"stop-opacity:1;stop-color:var(--linear-gradient-86-d-6315-color-1)\"><\/stop><stop offset=\"100%\" style=\"stop-opacity:1;stop-color:var(--linear-gradient-86-d-6315-color-2)\"><\/stop><\/lineargradient><\/defs><\/svg><svg xmlns=\"http:\/\/www.w3.org\/2000\/svg\" viewbox=\"0 0 512 512\" aria-hidden=\"true\" width=\"32\" height=\"32\"><path d=\"M256 0a56 56 0 1 1 0 112A56 56 0 1 1 256 0zM134.1 143.8c3.3-13 15-23.8 30.2-23.8c12.3 0 22.6 7.2 27.7 17c12 23.2 36.2 39 64 39s52-15.8 64-39c5.1-9.8 15.4-17 27.7-17c15.3 0 27 10.8 30.2 23.8c7 27.8 32.2 48.3 62.1 48.3c10.8 0 21-2.7 29.8-7.4c8.4-4.4 18.9-4.5 27.6 .9c13 8 17.1 25 9.2 38L399.7 400H384 343.6 168.4 128 112.3L5.4 223.6c-7.9-13-3.8-30 9.2-38c8.7-5.3 19.2-5.3 27.6-.9c8.9 4.7 19 7.4 29.8 7.4c29.9 0 55.1-20.5 62.1-48.3zM256 224l0 0 0 0h0zM112 432H400l41.4 41.4c4.2 4.2 6.6 10 6.6 16c0 12.5-10.1 22.6-22.6 22.6H86.6C74.1 512 64 501.9 64 489.4c0-6 2.4-11.8 6.6-16L112 432z\"><\/path><\/svg><\/div><\/span><\/div>\n\n\n\n<div class=\"wp-block-stackable-heading stk-block-heading stk-block-heading--v2 stk-block stk-c431490\" id=\"estrategia\" data-block-id=\"c431490\"><style>.stk-c431490 {margin-bottom:16px !important;}<\/style><h3 class=\"stk-block-heading__text\">Strategy<\/h3><\/div>\n\n\n\n<p>We design personalized tax strategies to help you pay less in taxes and legally maximize your refund.<\/p>\n<\/div><\/div><\/div>\n\n\n\n<div class=\"wp-block-stackable-column stk-block-column stk-column stk-block stk-8fa1ae1\" data-v=\"4\" data-block-id=\"8fa1ae1\"><div class=\"stk-column-wrapper stk-block-column__content stk-container stk-8fa1ae1-container stk--no-background stk--no-padding\"><div class=\"stk-block-content stk-inner-blocks stk-8fa1ae1-inner-blocks\">\n<div class=\"wp-block-stackable-icon stk-block-icon stk-block stk-e43cdff\" data-block-id=\"e43cdff\"><span class=\"stk--svg-wrapper\"><div class=\"stk--inner-svg\"><svg style=\"height:0;width:0\"><defs><lineargradient id=\"linear-gradient-e43cdff\" x1=\"0\" x2=\"100%\" y1=\"0\" y2=\"0\"><stop offset=\"0%\" style=\"stop-opacity:1;stop-color:var(--linear-gradient-e-43-cdff-color-1)\"><\/stop><stop offset=\"100%\" style=\"stop-opacity:1;stop-color:var(--linear-gradient-e-43-cdff-color-2)\"><\/stop><\/lineargradient><\/defs><\/svg><svg xmlns=\"http:\/\/www.w3.org\/2000\/svg\" viewbox=\"0 0 512 512\" aria-hidden=\"true\" width=\"32\" height=\"32\"><path d=\"M416 208c0 45.9-14.9 88.3-40 122.7L502.6 457.4c12.5 12.5 12.5 32.8 0 45.3s-32.8 12.5-45.3 0L330.7 376c-34.4 25.2-76.8 40-122.7 40C93.1 416 0 322.9 0 208S93.1 0 208 0S416 93.1 416 208zm-312 8v64c0 13.3 10.7 24 24 24s24-10.7 24-24l0-64c0-13.3-10.7-24-24-24s-24 10.7-24 24zm80-96V280c0 13.3 10.7 24 24 24s24-10.7 24-24V120c0-13.3-10.7-24-24-24s-24 10.7-24 24zm80 64v96c0 13.3 10.7 24 24 24s24-10.7 24-24V184c0-13.3-10.7-24-24-24s-24 10.7-24 24z\"><\/path><\/svg><\/div><\/span><\/div>\n\n\n\n<div class=\"wp-block-stackable-heading stk-block-heading stk-block-heading--v2 stk-block stk-275ff7c\" id=\"analisis\" data-block-id=\"275ff7c\"><style>.stk-275ff7c {margin-bottom:16px !important;}<\/style><h3 class=\"stk-block-heading__text\">Analysis <\/h3><\/div>\n\n\n\n<p>We analyze your income and expenses to project your tax burden in advance.<\/p>\n<\/div><\/div><\/div>\n\n\n\n<div class=\"wp-block-stackable-column stk-block-column stk-column stk-block stk-e2dad3d\" data-v=\"4\" data-block-id=\"e2dad3d\"><div class=\"stk-column-wrapper stk-block-column__content stk-container stk-e2dad3d-container stk--no-background stk--no-padding\"><div class=\"stk-block-content stk-inner-blocks stk-e2dad3d-inner-blocks\">\n<div class=\"wp-block-stackable-icon stk-block-icon stk-block stk-27fbf05\" data-block-id=\"27fbf05\"><span class=\"stk--svg-wrapper\"><div class=\"stk--inner-svg\"><svg style=\"height:0;width:0\"><defs><lineargradient id=\"linear-gradient-27fbf05\" x1=\"0\" x2=\"100%\" y1=\"0\" y2=\"0\"><stop offset=\"0%\" style=\"stop-opacity:1;stop-color:var(--linear-gradient-27-fbf-05-color-1)\"><\/stop><stop offset=\"100%\" style=\"stop-opacity:1;stop-color:var(--linear-gradient-27-fbf-05-color-2)\"><\/stop><\/lineargradient><\/defs><\/svg><svg xmlns=\"http:\/\/www.w3.org\/2000\/svg\" viewbox=\"0 0 640 512\" aria-hidden=\"true\" width=\"32\" height=\"32\"><path d=\"M544 248v3.3l69.7-69.7c21.9-21.9 21.9-57.3 0-79.2L535.6 24.4c-21.9-21.9-57.3-21.9-79.2 0L416.3 64.5c-2.7-.3-5.5-.5-8.3-.5H296c-37.1 0-67.6 28-71.6 64H224V248c0 22.1 17.9 40 40 40s40-17.9 40-40V176c0 0 0-.1 0-.1V160l16 0 136 0c0 0 0 0 .1 0H464c44.2 0 80 35.8 80 80v8zM336 192v56c0 39.8-32.2 72-72 72s-72-32.2-72-72V129.4c-35.9 6.2-65.8 32.3-76 68.2L99.5 255.2 26.3 328.4c-21.9 21.9-21.9 57.3 0 79.2l78.1 78.1c21.9 21.9 57.3 21.9 79.2 0l37.7-37.7c.9 0 1.8 .1 2.7 .1H384c26.5 0 48-21.5 48-48c0-5.6-1-11-2.7-16H432c26.5 0 48-21.5 48-48c0-12.8-5-24.4-13.2-33c25.7-5 45.1-27.6 45.2-54.8v-.4c-.1-30.8-25.1-55.8-56-55.8c0 0 0 0 0 0l-120 0z\"><\/path><\/svg><\/div><\/span><\/div>\n\n\n\n<div class=\"wp-block-stackable-heading stk-block-heading stk-block-heading--v2 stk-block stk-f329982\" id=\"asesoramiento\" data-block-id=\"f329982\"><style>.stk-f329982 {margin-bottom:16px !important;}<\/style><h3 class=\"stk-block-heading__text\">Advisory<\/h3><\/div>\n\n\n\n<p>We advise you on what needs to be documented and how to organize your finances.<\/p>\n<\/div><\/div><\/div>\n<\/div><\/div>\n<\/div><\/div><\/div>\n<\/div><\/div>\n\n\n\n<p><\/p>","protected":false},"excerpt":{"rendered":"<p>\u00bfQuieres estar preparado para cualquier cambio en las leyes fiscales? \u00bfTe gustar\u00eda pagar menos impuestos y maximizar tu reembolso el pr\u00f3ximo a\u00f1o? Una buena planificaci\u00f3n fiscal puede marcar la diferencia en tu bolsillo. Nuestro equipo trabaja contigo durante todo el a\u00f1o para organizar tus finanzas, identificar oportunidades de ahorro y prepararte para cualquier eventualidad. CONSULTA [&hellip;]<\/p>","protected":false},"author":1,"featured_media":0,"parent":0,"menu_order":0,"comment_status":"closed","ping_status":"closed","template":"","meta":{"footnotes":""},"class_list":["post-93","page","type-page","status-publish","hentry"],"blocksy_meta":{"has_hero_section":"disabled","styles_descriptor":{"styles":{"desktop":"","tablet":"","mobile":""},"google_fonts":[],"version":6}},"_links":{"self":[{"href":"https:\/\/tucontadorlatino.com\/en\/wp-json\/wp\/v2\/pages\/93","targetHints":{"allow":["GET"]}}],"collection":[{"href":"https:\/\/tucontadorlatino.com\/en\/wp-json\/wp\/v2\/pages"}],"about":[{"href":"https:\/\/tucontadorlatino.com\/en\/wp-json\/wp\/v2\/types\/page"}],"author":[{"embeddable":true,"href":"https:\/\/tucontadorlatino.com\/en\/wp-json\/wp\/v2\/users\/1"}],"replies":[{"embeddable":true,"href":"https:\/\/tucontadorlatino.com\/en\/wp-json\/wp\/v2\/comments?post=93"}],"version-history":[{"count":6,"href":"https:\/\/tucontadorlatino.com\/en\/wp-json\/wp\/v2\/pages\/93\/revisions"}],"predecessor-version":[{"id":314,"href":"https:\/\/tucontadorlatino.com\/en\/wp-json\/wp\/v2\/pages\/93\/revisions\/314"}],"wp:attachment":[{"href":"https:\/\/tucontadorlatino.com\/en\/wp-json\/wp\/v2\/media?parent=93"}],"curies":[{"name":"wp","href":"https:\/\/api.w.org\/{rel}","templated":true}]}}