{"id":92,"date":"2024-12-05T23:22:36","date_gmt":"2024-12-05T23:22:36","guid":{"rendered":"https:\/\/tucontadorlatino.com\/?page_id=92"},"modified":"2025-01-02T20:59:26","modified_gmt":"2025-01-02T20:59:26","slug":"impuestos-para-negocios","status":"publish","type":"page","link":"https:\/\/tucontadorlatino.com\/en\/impuestos-para-negocios\/","title":{"rendered":"Business Taxes"},"content":{"rendered":"<div class=\"wp-block-stackable-columns alignwide stk-block-columns stk-block stk-326d5d1\" data-block-id=\"326d5d1\"><style>.stk-326d5d1-column{--stk-column-gap:48px !important;}<\/style><div class=\"stk-row stk-inner-blocks stk-block-content stk-content-align stk-326d5d1-column alignwide\">\n<div class=\"wp-block-stackable-column stk-block-column stk-column stk-block stk-ea24948\" data-v=\"4\" data-block-id=\"ea24948\"><style>.stk-ea24948-inner-blocks{justify-content:center !important;}.stk-ea24948-container{display:flex !important;}<\/style><div class=\"stk-column-wrapper stk-block-column__content stk-container stk-ea24948-container stk--no-background stk--no-padding\"><div class=\"stk-block-content stk-inner-blocks stk-ea24948-inner-blocks\">\n<div class=\"wp-block-stackable-heading stk-block-heading stk-block-heading--v2 stk-block stk-e979ec2\" id=\"strong-tienes-un-negocio-y-no-sabes-como-cumplir-con-tus-impuestos-strong\" data-block-id=\"e979ec2\"><h2 class=\"stk-block-heading__text\"><strong>Do you have a business and don\u2019t know how to handle your taxes? <\/strong><\/h2><\/div>\n\n\n\n<p>We know that, as a business owner, time and peace of mind are your most valuable resources. However, filing taxes can be a complex and, in some cases, intimidating task. At <em>Tu Contador Latino<\/em>, we specialize in preparing and optimizing tax filings for small businesses, ensuring that you meet all your tax obligations while taking advantage of the deductions available for your industry.<\/p>\n\n\n\n<p>Our team handles the entire process: from organizing documents to filing with the IRS, all in Spanish with clear explanations. Additionally, we work with you to identify tax strategies that help reduce costs and reinvest more in the growth of your company.<\/p>\n\n\n\n<div class=\"wp-block-stackable-button-group stk-block-button-group stk-block stk-55d3b62\" data-block-id=\"55d3b62\"><style>.stk-55d3b62 .stk-button-group{flex-direction:row !important;}@media screen and (max-width:999px){.stk-55d3b62 .stk-button-group{flex-direction:row !important;}}@media screen and (max-width:689px){.stk-55d3b62 .stk-button-group{flex-direction:row !important;}}<\/style><div class=\"stk-row stk-inner-blocks stk-block-content stk-button-group\">\n<div class=\"wp-block-stackable-button stk-block-button stk-block stk-1706062\" data-block-id=\"1706062\"><a class=\"stk-link stk-button stk--hover-effect-darken\" href=\"https:\/\/tucontadorlatino.com\/en\/contacto\/\"><span class=\"stk-button__inner-text\">FREE CONSULTATION<\/span><\/a><\/div>\n<\/div><\/div>\n<\/div><\/div><\/div>\n\n\n\n<div class=\"wp-block-stackable-column stk-block-column stk-column stk-block stk-4eead8e\" data-v=\"4\" data-block-id=\"4eead8e\"><div class=\"stk-column-wrapper stk-block-column__content stk-container stk-4eead8e-container stk--no-background stk--no-padding\"><div class=\"stk-block-content stk-inner-blocks stk-4eead8e-inner-blocks\">\n<div class=\"wp-block-stackable-columns stk-block-columns stk-block stk-9e3589d\" data-block-id=\"9e3589d\"><style>.stk-9e3589d {margin-bottom:1px !important;}<\/style><div class=\"stk-row stk-inner-blocks stk-block-content stk-content-align stk-9e3589d-column\">\n<div class=\"wp-block-stackable-column stk-block-column stk-column stk-block stk-bbb4432\" data-v=\"4\" data-block-id=\"bbb4432\"><div class=\"stk-column-wrapper stk-block-column__content stk-container stk-bbb4432-container stk-hover-parent\"><div class=\"stk-block-content stk-inner-blocks stk-bbb4432-inner-blocks\">\n<div class=\"wp-block-stackable-icon stk-block-icon stk-block stk-ab615d5\" data-block-id=\"ab615d5\"><span class=\"stk--svg-wrapper\"><div class=\"stk--inner-svg\"><svg style=\"height:0;width:0\"><defs><lineargradient id=\"linear-gradient-ab615d5\" x1=\"0\" x2=\"100%\" y1=\"0\" y2=\"0\"><stop offset=\"0%\" style=\"stop-opacity:1;stop-color:var(--linear-gradient-ab-615-d-5-color-1)\"><\/stop><stop offset=\"100%\" style=\"stop-opacity:1;stop-color:var(--linear-gradient-ab-615-d-5-color-2)\"><\/stop><\/lineargradient><\/defs><\/svg><svg xmlns=\"http:\/\/www.w3.org\/2000\/svg\" viewbox=\"0 0 448 512\" aria-hidden=\"true\" width=\"32\" height=\"32\"><path d=\"M64 32C28.7 32 0 60.7 0 96V416c0 35.3 28.7 64 64 64H384c35.3 0 64-28.7 64-64V96c0-35.3-28.7-64-64-64H64zm64 64v64h64V96h64v64h64V96h64v64H320v64h64v64H320v64h64v64H320V352H256v64H192V352H128v64H64V352h64V288H64V224h64V160H64V96h64zm64 128h64V160H192v64zm0 64V224H128v64h64zm64 0H192v64h64V288zm0 0h64V224H256v64z\"><\/path><\/svg><\/div><\/span><\/div>\n\n\n\n<div class=\"wp-block-stackable-heading stk-block-heading stk-block-heading--v2 stk-block stk-32ce1d6\" id=\"preparacion-estrategica\" data-block-id=\"32ce1d6\"><style>.stk-32ce1d6 {margin-bottom:8px !important;}<\/style><h4 class=\"stk-block-heading__text\">Strategic Preparation<\/h4><\/div>\n\n\n\n<p>Preparation and filing of your company\u2019s annual taxes, whether you have a partnership, LLC, S-Corp, C-Corp, or (<em>sole proprietors<\/em>).<br><\/p>\n<\/div><\/div><\/div>\n\n\n\n<div class=\"wp-block-stackable-column stk-block-column stk-column stk-block stk-925b30e\" data-v=\"4\" data-block-id=\"925b30e\"><div class=\"stk-column-wrapper stk-block-column__content stk-container stk-925b30e-container stk-hover-parent\"><div class=\"stk-block-content stk-inner-blocks stk-925b30e-inner-blocks\">\n<div class=\"wp-block-stackable-icon stk-block-icon stk-block stk-441e9af\" data-block-id=\"441e9af\"><span class=\"stk--svg-wrapper\"><div class=\"stk--inner-svg\"><svg style=\"height:0;width:0\"><defs><lineargradient id=\"linear-gradient-441e9af\" x1=\"0\" x2=\"100%\" y1=\"0\" y2=\"0\"><stop offset=\"0%\" style=\"stop-opacity:1;stop-color:var(--linear-gradient-441-e-9-af-color-1)\"><\/stop><stop offset=\"100%\" style=\"stop-opacity:1;stop-color:var(--linear-gradient-441-e-9-af-color-2)\"><\/stop><\/lineargradient><\/defs><\/svg><svg xmlns=\"http:\/\/www.w3.org\/2000\/svg\" viewbox=\"0 0 512 512\" aria-hidden=\"true\" width=\"32\" height=\"32\"><path d=\"M152.1 38.2c9.9 8.9 10.7 24 1.8 33.9l-72 80c-4.4 4.9-10.6 7.8-17.2 7.9s-12.9-2.4-17.6-7L7 113C-2.3 103.6-2.3 88.4 7 79s24.6-9.4 33.9 0l22.1 22.1 55.1-61.2c8.9-9.9 24-10.7 33.9-1.8zm0 160c9.9 8.9 10.7 24 1.8 33.9l-72 80c-4.4 4.9-10.6 7.8-17.2 7.9s-12.9-2.4-17.6-7L7 273c-9.4-9.4-9.4-24.6 0-33.9s24.6-9.4 33.9 0l22.1 22.1 55.1-61.2c8.9-9.9 24-10.7 33.9-1.8zM224 96c0-17.7 14.3-32 32-32H480c17.7 0 32 14.3 32 32s-14.3 32-32 32H256c-17.7 0-32-14.3-32-32zm0 160c0-17.7 14.3-32 32-32H480c17.7 0 32 14.3 32 32s-14.3 32-32 32H256c-17.7 0-32-14.3-32-32zM160 416c0-17.7 14.3-32 32-32H480c17.7 0 32 14.3 32 32s-14.3 32-32 32H192c-17.7 0-32-14.3-32-32zM48 368a48 48 0 1 1 0 96 48 48 0 1 1 0-96z\"><\/path><\/svg><\/div><\/span><\/div>\n\n\n\n<div class=\"wp-block-stackable-heading stk-block-heading stk-block-heading--v2 stk-block stk-d273adf\" id=\"deducciones-estrategicas\" data-block-id=\"d273adf\"><style>.stk-d273adf {margin-bottom:8px !important;}<\/style><h4 class=\"stk-block-heading__text\">Strategic Deductions<\/h4><\/div>\n\n\n\n<p>We identify industry-specific deductions, such as equipment expenses, transportation, travel, payroll, and more.<\/p>\n<\/div><\/div><\/div>\n<\/div><\/div>\n\n\n\n<div class=\"wp-block-stackable-columns stk-block-columns stk-block stk-b754060\" data-block-id=\"b754060\"><div class=\"stk-row stk-inner-blocks stk-block-content stk-content-align stk-b754060-column\">\n<div class=\"wp-block-stackable-column stk-block-column stk-column stk-block stk-63b761c\" data-v=\"4\" data-block-id=\"63b761c\"><div class=\"stk-column-wrapper stk-block-column__content stk-container stk-63b761c-container stk-hover-parent\"><div class=\"stk-block-content stk-inner-blocks stk-63b761c-inner-blocks\">\n<div class=\"wp-block-stackable-icon stk-block-icon stk-block stk-4291de7\" data-block-id=\"4291de7\"><span class=\"stk--svg-wrapper\"><div class=\"stk--inner-svg\"><svg style=\"height:0;width:0\"><defs><lineargradient id=\"linear-gradient-4291de7\" x1=\"0\" x2=\"100%\" y1=\"0\" y2=\"0\"><stop offset=\"0%\" style=\"stop-opacity:1;stop-color:var(--linear-gradient-4291-de-7-color-1)\"><\/stop><stop offset=\"100%\" style=\"stop-opacity:1;stop-color:var(--linear-gradient-4291-de-7-color-2)\"><\/stop><\/lineargradient><\/defs><\/svg><svg xmlns=\"http:\/\/www.w3.org\/2000\/svg\" viewbox=\"0 0 512 512\" aria-hidden=\"true\" width=\"32\" height=\"32\"><path d=\"M123.6 391.3c12.9-9.4 29.6-11.8 44.6-6.4c26.5 9.6 56.2 15.1 87.8 15.1c124.7 0 208-80.5 208-160s-83.3-160-208-160S48 160.5 48 240c0 32 12.4 62.8 35.7 89.2c8.6 9.7 12.8 22.5 11.8 35.5c-1.4 18.1-5.7 34.7-11.3 49.4c17-7.9 31.1-16.7 39.4-22.7zM21.2 431.9c1.8-2.7 3.5-5.4 5.1-8.1c10-16.6 19.5-38.4 21.4-62.9C17.7 326.8 0 285.1 0 240C0 125.1 114.6 32 256 32s256 93.1 256 208s-114.6 208-256 208c-37.1 0-72.3-6.4-104.1-17.9c-11.9 8.7-31.3 20.6-54.3 30.6c-15.1 6.6-32.3 12.6-50.1 16.1c-.8 .2-1.6 .3-2.4 .5c-4.4 .8-8.7 1.5-13.2 1.9c-.2 0-.5 .1-.7 .1c-5.1 .5-10.2 .8-15.3 .8c-6.5 0-12.3-3.9-14.8-9.9c-2.5-6-1.1-12.8 3.4-17.4c4.1-4.2 7.8-8.7 11.3-13.5c1.7-2.3 3.3-4.6 4.8-6.9c.1-.2 .2-.3 .3-.5z\"><\/path><\/svg><\/div><\/span><\/div>\n\n\n\n<div class=\"wp-block-stackable-heading stk-block-heading stk-block-heading--v2 stk-block stk-73dad9f\" id=\"asesoramiento\" data-block-id=\"73dad9f\"><style>.stk-73dad9f {margin-bottom:8px !important;}.stk-73dad9f .stk-block-heading__text{font-size:21px !important;}@media screen and (max-width:999px){.stk-73dad9f .stk-block-heading__text{font-size:21px !important;}}<\/style><h4 class=\"stk-block-heading__text\">Advisory<\/h4><\/div>\n\n\n\n<p>Advisory on how to structure your business to reduce your tax burden.<\/p>\n<\/div><\/div><\/div>\n\n\n\n<div class=\"wp-block-stackable-column stk-block-column stk-column stk-block stk-0d1969e\" data-v=\"4\" data-block-id=\"0d1969e\"><div class=\"stk-column-wrapper stk-block-column__content stk-container stk-0d1969e-container stk-hover-parent\"><div class=\"stk-block-content stk-inner-blocks stk-0d1969e-inner-blocks\">\n<div class=\"wp-block-stackable-icon stk-block-icon stk-block stk-2281dd3\" data-block-id=\"2281dd3\"><span class=\"stk--svg-wrapper\"><div class=\"stk--inner-svg\"><svg style=\"height:0;width:0\"><defs><lineargradient id=\"linear-gradient-2281dd3\" x1=\"0\" x2=\"100%\" y1=\"0\" y2=\"0\"><stop offset=\"0%\" style=\"stop-opacity:1;stop-color:var(--linear-gradient-2281-dd-3-color-1)\"><\/stop><stop offset=\"100%\" style=\"stop-opacity:1;stop-color:var(--linear-gradient-2281-dd-3-color-2)\"><\/stop><\/lineargradient><\/defs><\/svg><svg xmlns=\"http:\/\/www.w3.org\/2000\/svg\" viewbox=\"0 0 512 512\" aria-hidden=\"true\" width=\"32\" height=\"32\"><path d=\"M57.7 193l9.4 16.4c8.3 14.5 21.9 25.2 38 29.8L163 255.7c17.2 4.9 29 20.6 29 38.5v39.9c0 11 6.2 21 16 25.9s16 14.9 16 25.9v39c0 15.6 14.9 26.9 29.9 22.6c16.1-4.6 28.6-17.5 32.7-33.8l2.8-11.2c4.2-16.9 15.2-31.4 30.3-40l8.1-4.6c15-8.5 24.2-24.5 24.2-41.7v-8.3c0-12.7-5.1-24.9-14.1-33.9l-3.9-3.9c-9-9-21.2-14.1-33.9-14.1H257c-11.1 0-22.1-2.9-31.8-8.4l-34.5-19.7c-4.3-2.5-7.6-6.5-9.2-11.2c-3.2-9.6 1.1-20 10.2-24.5l5.9-3c6.6-3.3 14.3-3.9 21.3-1.5l23.2 7.7c8.2 2.7 17.2-.4 21.9-7.5c4.7-7 4.2-16.3-1.2-22.8l-13.6-16.3c-10-12-9.9-29.5 .3-41.3l15.7-18.3c8.8-10.3 10.2-25 3.5-36.7l-2.4-4.2c-3.5-.2-6.9-.3-10.4-.3C163.1 48 84.4 108.9 57.7 193zM464 256c0-36.8-9.6-71.4-26.4-101.5L412 164.8c-15.7 6.3-23.8 23.8-18.5 39.8l16.9 50.7c3.5 10.4 12 18.3 22.6 20.9l29.1 7.3c1.2-9 1.8-18.2 1.8-27.5zM0 256a256 256 0 1 1 512 0A256 256 0 1 1 0 256z\"><\/path><\/svg><\/div><\/span><\/div>\n\n\n\n<div class=\"wp-block-stackable-heading stk-block-heading stk-block-heading--v2 stk-block stk-bfeece4\" id=\"online\" data-block-id=\"bfeece4\"><style>.stk-bfeece4 {margin-bottom:8px !important;}<\/style><h4 class=\"stk-block-heading__text\">Online<\/h4><\/div>\n\n\n\n<div class=\"wp-block-stackable-text stk-block-text stk-block stk-ec1d064\" data-block-id=\"ec1d064\"><p class=\"stk-block-text__text\">Your accountant 100% online and in your language: Spanish.<\/p><\/div>\n<\/div><\/div><\/div>\n<\/div><\/div>\n<\/div><\/div><\/div>\n<\/div><\/div>\n\n\n\n<p><\/p>","protected":false},"excerpt":{"rendered":"<p>\u00bfTienes un negocio y no sabes c\u00f3mo cumplir con tus impuestos? Sabemos que, como due\u00f1o de negocio, el tiempo y la tranquilidad son tus recursos m\u00e1s valiosos. Sin embargo, presentar impuestos puede ser una tarea compleja y, en algunos casos, intimidante. En Tu Contador Latino, nos especializamos en preparar y optimizar la declaraci\u00f3n de impuestos [&hellip;]<\/p>","protected":false},"author":1,"featured_media":0,"parent":0,"menu_order":0,"comment_status":"closed","ping_status":"closed","template":"","meta":{"footnotes":""},"class_list":["post-92","page","type-page","status-publish","hentry"],"blocksy_meta":{"has_hero_section":"disabled","styles_descriptor":{"styles":{"desktop":"","tablet":"","mobile":""},"google_fonts":[],"version":6}},"_links":{"self":[{"href":"https:\/\/tucontadorlatino.com\/en\/wp-json\/wp\/v2\/pages\/92","targetHints":{"allow":["GET"]}}],"collection":[{"href":"https:\/\/tucontadorlatino.com\/en\/wp-json\/wp\/v2\/pages"}],"about":[{"href":"https:\/\/tucontadorlatino.com\/en\/wp-json\/wp\/v2\/types\/page"}],"author":[{"embeddable":true,"href":"https:\/\/tucontadorlatino.com\/en\/wp-json\/wp\/v2\/users\/1"}],"replies":[{"embeddable":true,"href":"https:\/\/tucontadorlatino.com\/en\/wp-json\/wp\/v2\/comments?post=92"}],"version-history":[{"count":6,"href":"https:\/\/tucontadorlatino.com\/en\/wp-json\/wp\/v2\/pages\/92\/revisions"}],"predecessor-version":[{"id":315,"href":"https:\/\/tucontadorlatino.com\/en\/wp-json\/wp\/v2\/pages\/92\/revisions\/315"}],"wp:attachment":[{"href":"https:\/\/tucontadorlatino.com\/en\/wp-json\/wp\/v2\/media?parent=92"}],"curies":[{"name":"wp","href":"https:\/\/api.w.org\/{rel}","templated":true}]}}