{"id":91,"date":"2024-12-05T23:22:36","date_gmt":"2024-12-05T23:22:36","guid":{"rendered":"https:\/\/tucontadorlatino.com\/?page_id=91"},"modified":"2024-12-18T06:46:47","modified_gmt":"2024-12-18T06:46:47","slug":"impuestos-personales","status":"publish","type":"page","link":"https:\/\/tucontadorlatino.com\/en\/impuestos-personales\/","title":{"rendered":"Personal Taxes"},"content":{"rendered":"<div class=\"wp-block-stackable-columns alignwide stk-block-columns stk-block stk-1ffafca\" data-block-id=\"1ffafca\"><div class=\"stk-row stk-inner-blocks stk-block-content stk-content-align stk-1ffafca-column alignwide\">\n<div class=\"wp-block-stackable-column stk-block-column stk-column stk-block stk-dcc773e\" data-v=\"4\" data-block-id=\"dcc773e\"><div class=\"stk-column-wrapper stk-block-column__content stk-container stk-dcc773e-container stk--no-background stk--no-padding\"><div class=\"stk-block-content stk-inner-blocks stk-dcc773e-inner-blocks\">\n<div class=\"wp-block-stackable-heading stk-block-heading stk-block-heading--v2 stk-block stk-25edaf0\" id=\"strong-te-preocupa-cometer-errores-al-declarar-tus-impuestos-no-sabes-si-calificas-para-reembolsos-o-creditos-fiscales-strong\" data-block-id=\"25edaf0\"><style>.stk-25edaf0 {margin-bottom:12px !important;}<\/style><h2 class=\"stk-block-heading__text\"><strong>Worried about making mistakes when filing your taxes? Unsure if you qualify for refunds or tax credits?<\/strong><\/h2><\/div>\n\n\n\n<p>Did you know that every year millions of taxpayers in the United States lose out on significant refunds by not taking advantage of all available tax credits? At <em>Tu Contador Latino<\/em>, we're here to make sure this doesn't happen to you. Our personal tax filing service is designed to ensure you get the maximum benefit while complying with all tax regulations.<\/p>\n\n\n\n<p>Whether you're self-employed, an employee, or have multiple sources of income, we help you organize your documents, identify deductions you may not have known about, and file your return without errors. Plus, we explain the entire process in Spanish, in a simple and clear way, so you can feel calm and in control of your finances.<\/p>\n\n\n\n<div class=\"wp-block-stackable-columns stk-block-columns stk-block stk-2c5850a\" data-block-id=\"2c5850a\"><style>.stk-2c5850a {margin-bottom:32px !important;}.stk-2c5850a-column{--stk-column-gap:48px !important;}<\/style><div class=\"stk-row stk-inner-blocks stk-block-content stk-content-align stk-2c5850a-column\">\n<div class=\"wp-block-stackable-column stk-block-column stk-column stk-block stk-26a63a9\" data-v=\"4\" data-block-id=\"26a63a9\"><style>.stk-26a63a9-container{margin-top:0px !important;margin-right:0px !important;margin-bottom:0px !important;margin-left:0px !important;}<\/style><div class=\"stk-column-wrapper stk-block-column__content stk-container stk-26a63a9-container stk--no-background stk--no-padding\"><div class=\"stk-block-content stk-inner-blocks stk-26a63a9-inner-blocks\">\n<div class=\"wp-block-stackable-subtitle stk-block-subtitle stk-block stk-dc2b4eb\" data-block-id=\"dc2b4eb\"><style>.stk-dc2b4eb {margin-bottom:8px !important;}<\/style><p class=\"stk-block-subtitle__text stk-subtitle\"><strong>Maximum Refunds Guaranteed<\/strong><\/p><\/div>\n\n\n\n<p>We identify all applicable credits and deductions, such as the <em>Earned Income Tax Credit (EITC)<\/em> and the <em>Child Tax Credit<\/em>.<\/p>\n<\/div><\/div><\/div>\n\n\n\n<div class=\"wp-block-stackable-column stk-block-column stk-column stk-block stk-16603eb\" data-v=\"4\" data-block-id=\"16603eb\"><style>.stk-16603eb-container{margin-top:0px !important;margin-right:0px !important;margin-bottom:0px !important;margin-left:0px !important;}<\/style><div class=\"stk-column-wrapper stk-block-column__content stk-container stk-16603eb-container stk--no-background stk--no-padding\"><div class=\"stk-block-content stk-inner-blocks stk-16603eb-inner-blocks\">\n<div class=\"wp-block-stackable-subtitle stk-block-subtitle stk-block stk-0a3f550\" data-block-id=\"0a3f550\"><style>.stk-0a3f550 {margin-bottom:8px !important;}<\/style><p class=\"stk-block-subtitle__text stk-subtitle\"><strong>Personalized Strategy<\/strong><\/p><\/div>\n\n\n\n<p>We analyze your tax situation to provide solutions tailored to your needs, whether you're an employee, freelancer, or have additional income.<\/p>\n<\/div><\/div><\/div>\n\n\n\n<div class=\"wp-block-stackable-column stk-block-column stk-column stk-block stk-91a096d\" data-v=\"4\" data-block-id=\"91a096d\"><style>.stk-91a096d-container{margin-top:0px !important;margin-right:0px !important;margin-bottom:0px !important;margin-left:0px !important;}<\/style><div class=\"stk-column-wrapper stk-block-column__content stk-container stk-91a096d-container stk--no-background stk--no-padding\"><div class=\"stk-block-content stk-inner-blocks stk-91a096d-inner-blocks\">\n<div class=\"wp-block-stackable-subtitle stk-block-subtitle stk-block stk-3bb35e2\" data-block-id=\"3bb35e2\"><style>.stk-3bb35e2 {margin-bottom:8px !important;}<\/style><p class=\"stk-block-subtitle__text stk-subtitle\"><strong>Trust and Accuracy<\/strong><\/p><\/div>\n\n\n\n<p>We ensure your tax return is free from errors, reducing the risk of audits or issues with the IRS and delays in processing.<\/p>\n<\/div><\/div><\/div>\n<\/div><\/div>\n\n\n\n<div class=\"wp-block-stackable-columns stk-block-columns stk-block stk-98aa987\" data-block-id=\"98aa987\"><style>.stk-98aa987-column{--stk-column-gap:32px !important;}<\/style><div class=\"stk-row stk-inner-blocks stk-block-content stk-content-align stk-98aa987-column\">\n<div class=\"wp-block-stackable-column stk-block-column stk-column stk-block stk-9d9e9ea\" data-v=\"4\" data-block-id=\"9d9e9ea\"><style>.stk-9d9e9ea-container{margin-top:0px !important;margin-right:0px !important;margin-bottom:0px !important;margin-left:0px !important;}@media screen and (min-width:690px){.stk-9d9e9ea {flex:var(--stk-flex-grow, 1) 1 66.7% !important;}}@media screen and (min-width:690px) and (max-width:999px){.stk-9d9e9ea {flex:var(--stk-flex-grow, 1) 1 calc(60% - var(--stk-column-gap, 0px) * 1 \/ 2 ) !important;}}<\/style><div class=\"stk-column-wrapper stk-block-column__content stk-container stk-9d9e9ea-container stk--no-background stk--no-padding\"><div class=\"stk-block-content stk-inner-blocks stk-9d9e9ea-inner-blocks\">\n<div class=\"wp-block-stackable-image stk-block-image stk-block stk-c2d1205\" data-block-id=\"c2d1205\"><style>.stk-c2d1205 .stk-img-wrapper{height:400px !important;}<\/style><figure><span class=\"stk-img-wrapper stk-image--shape-stretch\"><img loading=\"lazy\" decoding=\"async\" class=\"stk-img wp-image-164\" src=\"https:\/\/tucontadorlatino.com\/wp-content\/uploads\/2024\/12\/latin-brunette-girl-posing-indoor-1-scaled.jpg\" width=\"2560\" height=\"1707\" srcset=\"https:\/\/tucontadorlatino.com\/wp-content\/uploads\/2024\/12\/latin-brunette-girl-posing-indoor-1-scaled.jpg 2560w, https:\/\/tucontadorlatino.com\/wp-content\/uploads\/2024\/12\/latin-brunette-girl-posing-indoor-1-300x200.jpg 300w, https:\/\/tucontadorlatino.com\/wp-content\/uploads\/2024\/12\/latin-brunette-girl-posing-indoor-1-1024x683.jpg 1024w, https:\/\/tucontadorlatino.com\/wp-content\/uploads\/2024\/12\/latin-brunette-girl-posing-indoor-1-768x512.jpg 768w, https:\/\/tucontadorlatino.com\/wp-content\/uploads\/2024\/12\/latin-brunette-girl-posing-indoor-1-1536x1024.jpg 1536w, https:\/\/tucontadorlatino.com\/wp-content\/uploads\/2024\/12\/latin-brunette-girl-posing-indoor-1-2048x1365.jpg 2048w\" sizes=\"auto, (max-width: 2560px) 100vw, 2560px\" \/><\/span><\/figure><\/div>\n<\/div><\/div><\/div>\n\n\n\n<div class=\"wp-block-stackable-column stk-block-column stk-column stk-block stk-28f8acc\" data-v=\"4\" data-block-id=\"28f8acc\"><style>.stk-28f8acc-container{margin-top:0px !important;margin-right:0px !important;margin-bottom:0px !important;margin-left:0px !important;}@media screen and (min-width:690px){.stk-28f8acc {flex:var(--stk-flex-grow, 1) 1 33.3% !important;}}@media screen and (min-width:690px) and (max-width:999px){.stk-28f8acc {flex:var(--stk-flex-grow, 1) 1 calc(39.8% - var(--stk-column-gap, 0px) * 1 \/ 2 ) !important;}}<\/style><div class=\"stk-column-wrapper stk-block-column__content stk-container stk-28f8acc-container stk--no-background stk--no-padding\"><div class=\"stk-block-content stk-inner-blocks stk-28f8acc-inner-blocks\">\n<div class=\"wp-block-stackable-image stk-block-image stk-block stk-37cbc89\" data-block-id=\"37cbc89\"><style>.stk-37cbc89 .stk-img-wrapper{height:400px !important;}<\/style><figure><span class=\"stk-img-wrapper stk-image--shape-stretch\"><img loading=\"lazy\" decoding=\"async\" class=\"stk-img wp-image-123\" src=\"https:\/\/tucontadorlatino.com\/wp-content\/uploads\/2024\/12\/imagen-2.jpg\" width=\"1000\" height=\"1000\" srcset=\"https:\/\/tucontadorlatino.com\/wp-content\/uploads\/2024\/12\/imagen-2.jpg 1000w, https:\/\/tucontadorlatino.com\/wp-content\/uploads\/2024\/12\/imagen-2-300x300.jpg 300w, https:\/\/tucontadorlatino.com\/wp-content\/uploads\/2024\/12\/imagen-2-150x150.jpg 150w, https:\/\/tucontadorlatino.com\/wp-content\/uploads\/2024\/12\/imagen-2-768x768.jpg 768w\" sizes=\"auto, (max-width: 1000px) 100vw, 1000px\" \/><\/span><\/figure><\/div>\n<\/div><\/div><\/div>\n<\/div><\/div>\n<\/div><\/div><\/div>\n<\/div><\/div>","protected":false},"excerpt":{"rendered":"<p>\u00bfTe preocupa cometer errores al declarar tus impuestos? \u00bfNo sabes si calificas para reembolsos o cr\u00e9ditos fiscales? \u00bfSab\u00edas que cada a\u00f1o millones de contribuyentes&nbsp; en Estados Unidos pierden reembolsos importantes por no aprovechar todos los cr\u00e9ditos fiscales disponibles? En Tu Contador Latino, estamos aqu\u00ed para asegurarnos de que esto no te suceda. Nuestro servicio de [&hellip;]<\/p>","protected":false},"author":1,"featured_media":0,"parent":0,"menu_order":0,"comment_status":"closed","ping_status":"closed","template":"","meta":{"footnotes":""},"class_list":["post-91","page","type-page","status-publish","hentry"],"blocksy_meta":{"has_hero_section":"disabled","styles_descriptor":{"styles":{"desktop":"","tablet":"","mobile":""},"google_fonts":[],"version":6}},"_links":{"self":[{"href":"https:\/\/tucontadorlatino.com\/en\/wp-json\/wp\/v2\/pages\/91","targetHints":{"allow":["GET"]}}],"collection":[{"href":"https:\/\/tucontadorlatino.com\/en\/wp-json\/wp\/v2\/pages"}],"about":[{"href":"https:\/\/tucontadorlatino.com\/en\/wp-json\/wp\/v2\/types\/page"}],"author":[{"embeddable":true,"href":"https:\/\/tucontadorlatino.com\/en\/wp-json\/wp\/v2\/users\/1"}],"replies":[{"embeddable":true,"href":"https:\/\/tucontadorlatino.com\/en\/wp-json\/wp\/v2\/comments?post=91"}],"version-history":[{"count":7,"href":"https:\/\/tucontadorlatino.com\/en\/wp-json\/wp\/v2\/pages\/91\/revisions"}],"predecessor-version":[{"id":218,"href":"https:\/\/tucontadorlatino.com\/en\/wp-json\/wp\/v2\/pages\/91\/revisions\/218"}],"wp:attachment":[{"href":"https:\/\/tucontadorlatino.com\/en\/wp-json\/wp\/v2\/media?parent=91"}],"curies":[{"name":"wp","href":"https:\/\/api.w.org\/{rel}","templated":true}]}}