{"id":82,"date":"2024-12-05T23:13:10","date_gmt":"2024-12-05T23:13:10","guid":{"rendered":"https:\/\/tucontadorlatino.com\/?page_id=82"},"modified":"2025-01-02T20:21:57","modified_gmt":"2025-01-02T20:21:57","slug":"negocios","status":"publish","type":"page","link":"https:\/\/tucontadorlatino.com\/en\/negocios\/","title":{"rendered":"Business"},"content":{"rendered":"<div class=\"wp-block-stackable-columns stk-block-columns stk-block stk-33878b2\" data-block-id=\"33878b2\"><style>.stk-33878b2-column{max-width:1266px !important;min-width:auto !important;}<\/style><div class=\"stk-row stk-inner-blocks stk-block-content stk-content-align stk-33878b2-column\">\n<div class=\"wp-block-stackable-column stk-block-column stk-column stk-block stk-6b4071e\" data-v=\"4\" data-block-id=\"6b4071e\"><div class=\"stk-column-wrapper stk-block-column__content stk-container stk-6b4071e-container stk--no-background stk--no-padding\"><div class=\"stk-block-content stk-inner-blocks stk-6b4071e-inner-blocks\">\n<div class=\"wp-block-stackable-heading stk-block-heading stk-block-heading--v2 stk-block stk-628ac05\" id=\"negocios\" data-block-id=\"628ac05\"><style>.stk-628ac05 {margin-bottom:48px !important;}<\/style><h2 class=\"stk-block-heading__text\">Business<\/h2><\/div>\n\n\n\n<div class=\"wp-block-stackable-columns stk-block-columns stk-block stk-4eb3108\" data-block-id=\"4eb3108\"><style>.stk-4eb3108-column{--stk-column-gap:48px !important;}<\/style><div class=\"stk-row stk-inner-blocks stk-block-content stk-content-align stk-4eb3108-column\">\n<div class=\"wp-block-stackable-column stk-block-column stk-column stk-block stk-512b3b8\" data-v=\"4\" data-block-id=\"512b3b8\"><div class=\"stk-column-wrapper stk-block-column__content stk-container stk-512b3b8-container stk--no-background stk--no-padding\"><div class=\"stk-block-content stk-inner-blocks stk-512b3b8-inner-blocks\">\n<div class=\"wp-block-stackable-icon-box stk-block-icon-box stk-block stk-4e18350\" data-v=\"2\" data-block-id=\"4e18350\"><div class=\"stk-block-content stk-inner-blocks stk-block-icon-box__content stk-container stk-4e18350-container stk--no-background stk--no-padding\">\n<div class=\"wp-block-stackable-icon-label stk-block-icon-label stk-block stk-146a60b\" data-block-id=\"146a60b\"><div class=\"stk-row stk-inner-blocks stk-block-content\">\n<div class=\"wp-block-stackable-icon stk-block-icon has-text-align-left stk-block stk-b037298\" data-block-id=\"b037298\"><span class=\"stk--svg-wrapper\"><div class=\"stk--inner-svg\"><svg style=\"height:0;width:0\"><defs><lineargradient id=\"linear-gradient-b037298\" x1=\"0\" x2=\"100%\" y1=\"0\" y2=\"0\"><stop offset=\"0%\" style=\"stop-opacity:1;stop-color:var(--linear-gradient-b-037298-color-1)\"><\/stop><stop offset=\"100%\" style=\"stop-opacity:1;stop-color:var(--linear-gradient-b-037298-color-2)\"><\/stop><\/lineargradient><\/defs><\/svg><svg xmlns=\"http:\/\/www.w3.org\/2000\/svg\" viewbox=\"0 0 576 512\" aria-hidden=\"true\" width=\"32\" height=\"32\"><path d=\"M0 64C0 28.7 28.7 0 64 0H224V128c0 17.7 14.3 32 32 32H384v38.6C310.1 219.5 256 287.4 256 368c0 59.1 29.1 111.3 73.7 143.3c-3.2 .5-6.4 .7-9.7 .7H64c-35.3 0-64-28.7-64-64V64zm384 64H256V0L384 128zM288 368a144 144 0 1 1 288 0 144 144 0 1 1 -288 0zm211.3-43.3c-6.2-6.2-16.4-6.2-22.6 0L416 385.4l-28.7-28.7c-6.2-6.2-16.4-6.2-22.6 0s-6.2 16.4 0 22.6l40 40c6.2 6.2 16.4 6.2 22.6 0l72-72c6.2-6.2 6.2-16.4 0-22.6z\"><\/path><\/svg><\/div><\/span><\/div>\n\n\n\n<div class=\"wp-block-stackable-heading stk-block-heading stk-block-heading--v2 stk-block stk-e435721\" id=\"creacion-de-empresas\" data-block-id=\"e435721\"><h4 class=\"stk-block-heading__text\">Company Formation<\/h4><\/div>\n<\/div><\/div>\n\n\n\n<div class=\"wp-block-stackable-button-group stk-block-button-group stk-block stk-ecf38db\" data-block-id=\"ecf38db\"><style>.stk-ecf38db .stk-button-group{flex-direction:row !important;}@media screen and (max-width:999px){.stk-ecf38db .stk-button-group{flex-direction:row !important;}}@media screen and (max-width:689px){.stk-ecf38db .stk-button-group{flex-direction:row !important;}}<\/style><div class=\"stk-row stk-inner-blocks stk-block-content stk-button-group\">\n<div class=\"wp-block-stackable-button stk-block-button stk-block stk-16c9de1\" data-block-id=\"16c9de1\"><a class=\"stk-link stk-button stk--hover-effect-darken\" href=\"https:\/\/tucontadorlatino.com\/en\/creacion-de-empresas\/\"><span class=\"stk-button__inner-text\">Learn More<\/span><\/a><\/div>\n<\/div><\/div>\n<\/div><\/div>\n\n\n\n<div class=\"wp-block-stackable-icon-box stk-block-icon-box stk-block stk-5eea29e\" data-v=\"2\" data-block-id=\"5eea29e\"><div class=\"stk-block-content stk-inner-blocks stk-block-icon-box__content stk-container stk-5eea29e-container stk--no-background stk--no-padding\">\n<div class=\"wp-block-stackable-icon-label stk-block-icon-label stk-block stk-76962e8\" data-block-id=\"76962e8\"><div class=\"stk-row stk-inner-blocks stk-block-content\">\n<div class=\"wp-block-stackable-icon stk-block-icon has-text-align-left stk-block stk-75bbe03\" data-block-id=\"75bbe03\"><span class=\"stk--svg-wrapper\"><div class=\"stk--inner-svg\"><svg style=\"height:0;width:0\"><defs><lineargradient id=\"linear-gradient-75bbe03\" x1=\"0\" x2=\"100%\" y1=\"0\" y2=\"0\"><stop offset=\"0%\" style=\"stop-opacity:1;stop-color:var(--linear-gradient-75-bbe-03-color-1)\"><\/stop><stop offset=\"100%\" style=\"stop-opacity:1;stop-color:var(--linear-gradient-75-bbe-03-color-2)\"><\/stop><\/lineargradient><\/defs><\/svg><svg xmlns=\"http:\/\/www.w3.org\/2000\/svg\" viewbox=\"0 0 512 512\" aria-hidden=\"true\" width=\"32\" height=\"32\"><path d=\"M0 224c0 17.7 14.3 32 32 32s32-14.3 32-32c0-53 43-96 96-96H320v32c0 12.9 7.8 24.6 19.8 29.6s25.7 2.2 34.9-6.9l64-64c12.5-12.5 12.5-32.8 0-45.3l-64-64c-9.2-9.2-22.9-11.9-34.9-6.9S320 19.1 320 32V64H160C71.6 64 0 135.6 0 224zm512 64c0-17.7-14.3-32-32-32s-32 14.3-32 32c0 53-43 96-96 96H192V352c0-12.9-7.8-24.6-19.8-29.6s-25.7-2.2-34.9 6.9l-64 64c-12.5 12.5-12.5 32.8 0 45.3l64 64c9.2 9.2 22.9 11.9 34.9 6.9s19.8-16.6 19.8-29.6V448H352c88.4 0 160-71.6 160-160z\"><\/path><\/svg><\/div><\/span><\/div>\n\n\n\n<div class=\"wp-block-stackable-heading stk-block-heading stk-block-heading--v2 stk-block stk-552d555\" id=\"renovacion-de-empresas\" data-block-id=\"552d555\"><h4 class=\"stk-block-heading__text\">Business Renewal<\/h4><\/div>\n<\/div><\/div>\n\n\n\n<div class=\"wp-block-stackable-button-group stk-block-button-group stk-block stk-a71fe6f\" data-block-id=\"a71fe6f\"><style>.stk-a71fe6f .stk-button-group{flex-direction:row !important;}@media screen and (max-width:999px){.stk-a71fe6f .stk-button-group{flex-direction:row !important;}}@media screen and (max-width:689px){.stk-a71fe6f .stk-button-group{flex-direction:row !important;}}<\/style><div class=\"stk-row stk-inner-blocks stk-block-content stk-button-group\">\n<div class=\"wp-block-stackable-button stk-block-button stk-block stk-07bdc73\" data-block-id=\"07bdc73\"><a class=\"stk-link stk-button stk--hover-effect-darken\" href=\"https:\/\/tucontadorlatino.com\/en\/renovacion-de-empresa\/\"><span class=\"stk-button__inner-text\">Learn More<\/span><\/a><\/div>\n<\/div><\/div>\n<\/div><\/div>\n\n\n\n<div class=\"wp-block-stackable-icon-box stk-block-icon-box stk-block stk-e02ca11\" data-v=\"2\" data-block-id=\"e02ca11\"><div class=\"stk-block-content stk-inner-blocks stk-block-icon-box__content stk-container stk-e02ca11-container stk--no-background stk--no-padding\">\n<div class=\"wp-block-stackable-icon-label stk-block-icon-label stk-block stk-9775dac\" data-block-id=\"9775dac\"><div class=\"stk-row stk-inner-blocks stk-block-content\">\n<div class=\"wp-block-stackable-icon stk-block-icon has-text-align-left stk-block stk-b17c89d\" data-block-id=\"b17c89d\"><span class=\"stk--svg-wrapper\"><div class=\"stk--inner-svg\"><svg style=\"height:0;width:0\"><defs><lineargradient id=\"linear-gradient-b17c89d\" x1=\"0\" x2=\"100%\" y1=\"0\" y2=\"0\"><stop offset=\"0%\" style=\"stop-opacity:1;stop-color:var(--linear-gradient-b-17-c-89-d-color-1)\"><\/stop><stop offset=\"100%\" style=\"stop-opacity:1;stop-color:var(--linear-gradient-b-17-c-89-d-color-2)\"><\/stop><\/lineargradient><\/defs><\/svg><svg xmlns=\"http:\/\/www.w3.org\/2000\/svg\" viewbox=\"0 0 448 512\" aria-hidden=\"true\" width=\"32\" height=\"32\"><path d=\"M64 80c-8.8 0-16 7.2-16 16V416c0 8.8 7.2 16 16 16H384c8.8 0 16-7.2 16-16V96c0-8.8-7.2-16-16-16H64zM0 96C0 60.7 28.7 32 64 32H384c35.3 0 64 28.7 64 64V416c0 35.3-28.7 64-64 64H64c-35.3 0-64-28.7-64-64V96zM337 209L209 337c-9.4 9.4-24.6 9.4-33.9 0l-64-64c-9.4-9.4-9.4-24.6 0-33.9s24.6-9.4 33.9 0l47 47L303 175c9.4-9.4 24.6-9.4 33.9 0s9.4 24.6 0 33.9z\"><\/path><\/svg><\/div><\/span><\/div>\n\n\n\n<div class=\"wp-block-stackable-heading stk-block-heading stk-block-heading--v2 stk-block stk-b25433f\" id=\"licencias-y-permisos\" data-block-id=\"b25433f\"><h4 class=\"stk-block-heading__text\">Licenses and Permits <\/h4><\/div>\n<\/div><\/div>\n\n\n\n<div class=\"wp-block-stackable-button-group stk-block-button-group stk-block stk-b4bf0d7\" data-block-id=\"b4bf0d7\"><style>.stk-b4bf0d7 .stk-button-group{flex-direction:row !important;}@media screen and (max-width:999px){.stk-b4bf0d7 .stk-button-group{flex-direction:row !important;}}@media screen and (max-width:689px){.stk-b4bf0d7 .stk-button-group{flex-direction:row !important;}}<\/style><div class=\"stk-row stk-inner-blocks stk-block-content stk-button-group\">\n<div class=\"wp-block-stackable-button stk-block-button stk-block stk-00c1894\" data-block-id=\"00c1894\"><a class=\"stk-link stk-button stk--hover-effect-darken\" href=\"https:\/\/tucontadorlatino.com\/en\/licencias-y-permisos\/\"><span class=\"stk-button__inner-text\">Learn More<\/span><\/a><\/div>\n<\/div><\/div>\n<\/div><\/div>\n<\/div><\/div><\/div>\n\n\n\n<div class=\"wp-block-stackable-column stk-block-column stk-column stk-block stk-85b49af\" data-v=\"4\" data-block-id=\"85b49af\"><div class=\"stk-column-wrapper stk-block-column__content stk-container stk-85b49af-container stk--no-background stk--no-padding\"><div class=\"stk-block-content stk-inner-blocks stk-85b49af-inner-blocks\">\n<div class=\"wp-block-stackable-image stk-block-image stk-block stk-daf6329\" data-block-id=\"daf6329\"><style>.stk-daf6329 .stk-img-wrapper{height:600px !important;}<\/style><figure><span class=\"stk-img-wrapper stk-image--shape-stretch\"><img loading=\"lazy\" decoding=\"async\" class=\"stk-img wp-image-297\" src=\"https:\/\/tucontadorlatino.com\/wp-content\/uploads\/2025\/01\/Diseno-sin-titulo-19.png\" width=\"500\" height=\"500\" srcset=\"https:\/\/tucontadorlatino.com\/wp-content\/uploads\/2025\/01\/Diseno-sin-titulo-19.png 500w, https:\/\/tucontadorlatino.com\/wp-content\/uploads\/2025\/01\/Diseno-sin-titulo-19-300x300.png 300w, https:\/\/tucontadorlatino.com\/wp-content\/uploads\/2025\/01\/Diseno-sin-titulo-19-150x150.png 150w\" sizes=\"auto, (max-width: 500px) 100vw, 500px\" \/><\/span><\/figure><\/div>\n<\/div><\/div><\/div>\n<\/div><\/div>\n<\/div><\/div><\/div>\n<\/div><\/div>","protected":false},"excerpt":{"rendered":"<p>Negocios Creaci\u00f3n de empresas Descubre m\u00e1s Renovaci\u00f3n de empresas Descubre m\u00e1s Licencias y permisos Descubre m\u00e1s<\/p>","protected":false},"author":1,"featured_media":0,"parent":0,"menu_order":0,"comment_status":"closed","ping_status":"closed","template":"","meta":{"footnotes":""},"class_list":["post-82","page","type-page","status-publish","hentry"],"blocksy_meta":{"has_hero_section":"disabled","styles_descriptor":{"styles":{"desktop":"","tablet":"","mobile":""},"google_fonts":[],"version":6},"content_style_source":"inherit"},"_links":{"self":[{"href":"https:\/\/tucontadorlatino.com\/en\/wp-json\/wp\/v2\/pages\/82","targetHints":{"allow":["GET"]}}],"collection":[{"href":"https:\/\/tucontadorlatino.com\/en\/wp-json\/wp\/v2\/pages"}],"about":[{"href":"https:\/\/tucontadorlatino.com\/en\/wp-json\/wp\/v2\/types\/page"}],"author":[{"embeddable":true,"href":"https:\/\/tucontadorlatino.com\/en\/wp-json\/wp\/v2\/users\/1"}],"replies":[{"embeddable":true,"href":"https:\/\/tucontadorlatino.com\/en\/wp-json\/wp\/v2\/comments?post=82"}],"version-history":[{"count":10,"href":"https:\/\/tucontadorlatino.com\/en\/wp-json\/wp\/v2\/pages\/82\/revisions"}],"predecessor-version":[{"id":302,"href":"https:\/\/tucontadorlatino.com\/en\/wp-json\/wp\/v2\/pages\/82\/revisions\/302"}],"wp:attachment":[{"href":"https:\/\/tucontadorlatino.com\/en\/wp-json\/wp\/v2\/media?parent=82"}],"curies":[{"name":"wp","href":"https:\/\/api.w.org\/{rel}","templated":true}]}}