{"id":80,"date":"2024-12-05T23:13:10","date_gmt":"2024-12-05T23:13:10","guid":{"rendered":"https:\/\/tucontadorlatino.com\/?page_id=80"},"modified":"2025-01-02T20:53:15","modified_gmt":"2025-01-02T20:53:15","slug":"servicios-contables","status":"publish","type":"page","link":"https:\/\/tucontadorlatino.com\/en\/servicios-contables\/","title":{"rendered":"Accounting Services"},"content":{"rendered":"<div class=\"wp-block-stackable-columns alignwide stk-block-columns stk-block stk-326d5d1\" data-block-id=\"326d5d1\"><style>.stk-326d5d1-column{--stk-column-gap:48px !important;}<\/style><div class=\"stk-row stk-inner-blocks stk-block-content stk-content-align stk-326d5d1-column alignwide\">\n<div class=\"wp-block-stackable-column stk-block-column stk-column stk-block stk-44c15bc\" data-v=\"4\" data-block-id=\"44c15bc\"><style>.stk-44c15bc-inner-blocks{justify-content:center !important;}.stk-44c15bc-container{display:flex !important;}<\/style><div class=\"stk-column-wrapper stk-block-column__content stk-container stk-44c15bc-container stk--no-background stk--no-padding\"><div class=\"stk-block-content stk-inner-blocks stk-44c15bc-inner-blocks\">\n<div class=\"wp-block-stackable-heading stk-block-heading stk-block-heading--v2 stk-block stk-58cef9a\" id=\"servicios-contables\" data-block-id=\"58cef9a\"><h2 class=\"stk-block-heading__text\">Accounting Services<\/h2><\/div>\n\n\n\n<p>Your Accounting Simplified, Always in Spanish.\nWe take care of your finances so you can focus on what truly matters: growing your business or enjoying your personal time. We offer accounting services tailored to your needs, whether you're an individual needing help with personal taxes or a business owner looking to optimize your company's finances.<\/p>\n\n\n\n<div class=\"wp-block-stackable-button-group stk-block-button-group stk-block stk-55d3b62\" data-block-id=\"55d3b62\"><style>.stk-55d3b62 .stk-button-group{flex-direction:row !important;}@media screen and (max-width:999px){.stk-55d3b62 .stk-button-group{flex-direction:row !important;}}@media screen and (max-width:689px){.stk-55d3b62 .stk-button-group{flex-direction:row !important;}}<\/style><div class=\"stk-row stk-inner-blocks stk-block-content stk-button-group\">\n<div class=\"wp-block-stackable-button stk-block-button stk-block stk-66a2f06\" data-block-id=\"66a2f06\"><a class=\"stk-link stk-button stk--hover-effect-darken\" href=\"https:\/\/tucontadorlatino.com\/en\/contacto\/\"><span class=\"stk-button__inner-text\">Contact us now<\/span><\/a><\/div>\n<\/div><\/div>\n<\/div><\/div><\/div>\n\n\n\n<div class=\"wp-block-stackable-column stk-block-column stk-column stk-block stk-6d05a28\" data-v=\"4\" data-block-id=\"6d05a28\"><div class=\"stk-column-wrapper stk-block-column__content stk-container stk-6d05a28-container stk--no-background stk--no-padding\"><div class=\"stk-block-content stk-inner-blocks stk-6d05a28-inner-blocks\">\n<div class=\"wp-block-stackable-columns stk-block-columns stk-block stk-9e3589d\" data-block-id=\"9e3589d\"><style>.stk-9e3589d {margin-bottom:1px !important;}<\/style><div class=\"stk-row stk-inner-blocks stk-block-content stk-content-align stk-9e3589d-column\">\n<div class=\"wp-block-stackable-column stk-block-column stk-column stk-block stk-8a9dd9d\" data-v=\"4\" data-block-id=\"8a9dd9d\"><div class=\"stk-column-wrapper stk-block-column__content stk-container stk-8a9dd9d-container stk-hover-parent\"><div class=\"stk-block-content stk-inner-blocks stk-8a9dd9d-inner-blocks\">\n<div class=\"wp-block-stackable-icon stk-block-icon stk-block stk-f2b9f66\" data-block-id=\"f2b9f66\"><span class=\"stk--svg-wrapper\"><div class=\"stk--inner-svg\"><svg style=\"height:0;width:0\"><defs><lineargradient id=\"linear-gradient-f2b9f66\" x1=\"0\" x2=\"100%\" y1=\"0\" y2=\"0\"><stop offset=\"0%\" style=\"stop-opacity:1;stop-color:var(--linear-gradient-f-2-b-9-f-66-color-1)\"><\/stop><stop offset=\"100%\" style=\"stop-opacity:1;stop-color:var(--linear-gradient-f-2-b-9-f-66-color-2)\"><\/stop><\/lineargradient><\/defs><\/svg><svg xmlns=\"http:\/\/www.w3.org\/2000\/svg\" viewbox=\"0 0 576 512\" aria-hidden=\"true\" width=\"32\" height=\"32\"><path d=\"M0 112.5V422.3c0 18 10.1 35 27 41.3c87 32.5 174 10.3 261-11.9c79.8-20.3 159.6-40.7 239.3-18.9c23 6.3 48.7-9.5 48.7-33.4V89.7c0-18-10.1-35-27-41.3C462 15.9 375 38.1 288 60.3C208.2 80.6 128.4 100.9 48.7 79.1C25.6 72.8 0 88.6 0 112.5zM128 416H64V352c35.3 0 64 28.7 64 64zM64 224V160h64c0 35.3-28.7 64-64 64zM448 352c0-35.3 28.7-64 64-64v64H448zm64-192c-35.3 0-64-28.7-64-64h64v64zM384 256c0 61.9-43 112-96 112s-96-50.1-96-112s43-112 96-112s96 50.1 96 112zM252 208c0 9.7 6.9 17.7 16 19.6V276h-4c-11 0-20 9-20 20s9 20 20 20h24 24c11 0 20-9 20-20s-9-20-20-20h-4V208c0-11-9-20-20-20H272c-11 0-20 9-20 20z\"><\/path><\/svg><\/div><\/span><\/div>\n\n\n\n<div class=\"wp-block-stackable-heading stk-block-heading stk-block-heading--v2 stk-block stk-e2fbe4e\" id=\"payroll-para-empresas\" data-block-id=\"e2fbe4e\"><style>.stk-e2fbe4e {margin-bottom:8px !important;}<\/style><h4 class=\"stk-block-heading__text\">Payroll for Businesses<\/h4><\/div>\n\n\n\n<div class=\"wp-block-stackable-button-group stk-block-button-group stk-block stk-f7314b8\" data-block-id=\"f7314b8\"><style>.stk-f7314b8 .stk-button-group{flex-direction:row !important;}@media screen and (max-width:999px){.stk-f7314b8 .stk-button-group{flex-direction:row !important;}}@media screen and (max-width:689px){.stk-f7314b8 .stk-button-group{flex-direction:row !important;}}<\/style><div class=\"stk-row stk-inner-blocks stk-block-content stk-button-group\">\n<div class=\"wp-block-stackable-button stk-block-button stk-block stk-2ec1756\" data-block-id=\"2ec1756\"><a class=\"stk-link stk-button stk--hover-effect-darken\" href=\"https:\/\/tucontadorlatino.com\/en\/payroll-para-empresas\/\"><span class=\"stk-button__inner-text\">Learn More<\/span><\/a><\/div>\n<\/div><\/div>\n<\/div><\/div><\/div>\n\n\n\n<div class=\"wp-block-stackable-column stk-block-column stk-column stk-block stk-0a8e1b1\" data-v=\"4\" data-block-id=\"0a8e1b1\"><div class=\"stk-column-wrapper stk-block-column__content stk-container stk-0a8e1b1-container stk-hover-parent\"><div class=\"stk-block-content stk-inner-blocks stk-0a8e1b1-inner-blocks\">\n<div class=\"wp-block-stackable-icon stk-block-icon stk-block stk-9bd0ed7\" data-block-id=\"9bd0ed7\"><span class=\"stk--svg-wrapper\"><div class=\"stk--inner-svg\"><svg style=\"height:0;width:0\"><defs><lineargradient id=\"linear-gradient-9bd0ed7\" x1=\"0\" x2=\"100%\" y1=\"0\" y2=\"0\"><stop offset=\"0%\" style=\"stop-opacity:1;stop-color:var(--linear-gradient-9-bd-0-ed-7-color-1)\"><\/stop><stop offset=\"100%\" style=\"stop-opacity:1;stop-color:var(--linear-gradient-9-bd-0-ed-7-color-2)\"><\/stop><\/lineargradient><\/defs><\/svg><svg xmlns=\"http:\/\/www.w3.org\/2000\/svg\" viewbox=\"0 0 640 512\" aria-hidden=\"true\" width=\"32\" height=\"32\"><path d=\"M192 96a48 48 0 1 0 0-96 48 48 0 1 0 0 96zm-8 384V352h16V480c0 17.7 14.3 32 32 32s32-14.3 32-32V192h56 64 16c17.7 0 32-14.3 32-32s-14.3-32-32-32H384V64H576V256H384V224H320v48c0 26.5 21.5 48 48 48H592c26.5 0 48-21.5 48-48V48c0-26.5-21.5-48-48-48H368c-26.5 0-48 21.5-48 48v80H243.1 177.1c-33.7 0-64.9 17.7-82.3 46.6l-58.3 97c-9.1 15.1-4.2 34.8 10.9 43.9s34.8 4.2 43.9-10.9L120 256.9V480c0 17.7 14.3 32 32 32s32-14.3 32-32z\"><\/path><\/svg><\/div><\/span><\/div>\n\n\n\n<div class=\"wp-block-stackable-heading stk-block-heading stk-block-heading--v2 stk-block stk-3d47081\" id=\"asesoria-contable\" data-block-id=\"3d47081\"><style>.stk-3d47081 {margin-bottom:8px !important;}<\/style><h4 class=\"stk-block-heading__text\">Accounting Advisory<\/h4><\/div>\n\n\n\n<div class=\"wp-block-stackable-button-group stk-block-button-group stk-block stk-ef092db\" data-block-id=\"ef092db\"><style>.stk-ef092db .stk-button-group{flex-direction:row !important;}@media screen and (max-width:999px){.stk-ef092db .stk-button-group{flex-direction:row !important;}}@media screen and (max-width:689px){.stk-ef092db .stk-button-group{flex-direction:row !important;}}<\/style><div class=\"stk-row stk-inner-blocks stk-block-content stk-button-group\">\n<div class=\"wp-block-stackable-button stk-block-button stk-block stk-a56da5b\" data-block-id=\"a56da5b\"><a class=\"stk-link stk-button stk--hover-effect-darken\" href=\"https:\/\/tucontadorlatino.com\/en\/asesoria-contable\/\"><span class=\"stk-button__inner-text\">Learn More<\/span><\/a><\/div>\n<\/div><\/div>\n<\/div><\/div><\/div>\n<\/div><\/div>\n\n\n\n<div class=\"wp-block-stackable-columns stk-block-columns stk-block stk-b754060\" data-block-id=\"b754060\"><div class=\"stk-row stk-inner-blocks stk-block-content stk-content-align stk-b754060-column\">\n<div class=\"wp-block-stackable-column stk-block-column stk-column stk-block stk-8ac6573\" data-v=\"4\" data-block-id=\"8ac6573\"><div class=\"stk-column-wrapper stk-block-column__content stk-container stk-8ac6573-container stk-hover-parent\"><div class=\"stk-block-content stk-inner-blocks stk-8ac6573-inner-blocks\">\n<div class=\"wp-block-stackable-icon stk-block-icon stk-block stk-eaef1ec\" data-block-id=\"eaef1ec\"><span class=\"stk--svg-wrapper\"><div class=\"stk--inner-svg\"><svg style=\"height:0;width:0\"><defs><lineargradient id=\"linear-gradient-eaef1ec\" x1=\"0\" x2=\"100%\" y1=\"0\" y2=\"0\"><stop offset=\"0%\" style=\"stop-opacity:1;stop-color:var(--linear-gradient-eaef-1-ec-color-1)\"><\/stop><stop offset=\"100%\" style=\"stop-opacity:1;stop-color:var(--linear-gradient-eaef-1-ec-color-2)\"><\/stop><\/lineargradient><\/defs><\/svg><svg xmlns=\"http:\/\/www.w3.org\/2000\/svg\" viewbox=\"0 0 512 512\" aria-hidden=\"true\" width=\"32\" height=\"32\"><path d=\"M416 208c0 45.9-14.9 88.3-40 122.7L502.6 457.4c12.5 12.5 12.5 32.8 0 45.3s-32.8 12.5-45.3 0L330.7 376c-34.4 25.2-76.8 40-122.7 40C93.1 416 0 322.9 0 208S93.1 0 208 0S416 93.1 416 208zM228 104c0-11-9-20-20-20s-20 9-20 20v14c-7.6 1.7-15.2 4.4-22.2 8.5c-13.9 8.3-25.9 22.8-25.8 43.9c.1 20.3 12 33.1 24.7 40.7c11 6.6 24.7 10.8 35.6 14l1.7 .5c12.6 3.8 21.8 6.8 28 10.7c5.1 3.2 5.8 5.4 5.9 8.2c.1 5-1.8 8-5.9 10.5c-5 3.1-12.9 5-21.4 4.7c-11.1-.4-21.5-3.9-35.1-8.5c-2.3-.8-4.7-1.6-7.2-2.4c-10.5-3.5-21.8 2.2-25.3 12.6s2.2 21.8 12.6 25.3c1.9 .6 4 1.3 6.1 2.1l0 0 0 0c8.3 2.9 17.9 6.2 28.2 8.4V312c0 11 9 20 20 20s20-9 20-20V298.2c8-1.7 16-4.5 23.2-9c14.3-8.9 25.1-24.1 24.8-45c-.3-20.3-11.7-33.4-24.6-41.6c-11.5-7.2-25.9-11.6-37.1-15l-.7-.2c-12.8-3.9-21.9-6.7-28.3-10.5c-5.2-3.1-5.3-4.9-5.3-6.7c0-3.7 1.4-6.5 6.2-9.3c5.4-3.2 13.6-5.1 21.5-5c9.6 .1 20.2 2.2 31.2 5.2c10.7 2.8 21.6-3.5 24.5-14.2s-3.5-21.6-14.2-24.5c-6.5-1.7-13.7-3.4-21.1-4.7V104z\"><\/path><\/svg><\/div><\/span><\/div>\n\n\n\n<div class=\"wp-block-stackable-heading stk-block-heading stk-block-heading--v2 stk-block stk-55764c5\" id=\"reportes-financieros\" data-block-id=\"55764c5\"><style>.stk-55764c5 {margin-bottom:8px !important;}<\/style><h4 class=\"stk-block-heading__text\">Financial Reports<\/h4><\/div>\n\n\n\n<div class=\"wp-block-stackable-button-group stk-block-button-group stk-block stk-badeef9\" data-block-id=\"badeef9\"><style>.stk-badeef9 .stk-button-group{flex-direction:row !important;}@media screen and (max-width:999px){.stk-badeef9 .stk-button-group{flex-direction:row !important;}}@media screen and (max-width:689px){.stk-badeef9 .stk-button-group{flex-direction:row !important;}}<\/style><div class=\"stk-row stk-inner-blocks stk-block-content stk-button-group\">\n<div class=\"wp-block-stackable-button stk-block-button stk-block stk-37e8f70\" data-block-id=\"37e8f70\"><a class=\"stk-link stk-button stk--hover-effect-darken\" href=\"https:\/\/tucontadorlatino.com\/en\/reportes-financieros\/\"><span class=\"stk-button__inner-text\">Learn More<\/span><\/a><\/div>\n<\/div><\/div>\n<\/div><\/div><\/div>\n\n\n\n<div class=\"wp-block-stackable-column stk-block-column stk-column stk-block stk-17a1684\" data-v=\"4\" data-block-id=\"17a1684\"><div class=\"stk-column-wrapper stk-block-column__content stk-container stk-17a1684-container stk-hover-parent\"><div class=\"stk-block-content stk-inner-blocks stk-17a1684-inner-blocks\">\n<div class=\"wp-block-stackable-icon stk-block-icon stk-block stk-0807c7b\" data-block-id=\"0807c7b\"><span class=\"stk--svg-wrapper\"><div class=\"stk--inner-svg\"><svg style=\"height:0;width:0\"><defs><lineargradient id=\"linear-gradient-0807c7b\" x1=\"0\" x2=\"100%\" y1=\"0\" y2=\"0\"><stop offset=\"0%\" style=\"stop-opacity:1;stop-color:var(--linear-gradient-0807-c-7-b-color-1)\"><\/stop><stop offset=\"100%\" style=\"stop-opacity:1;stop-color:var(--linear-gradient-0807-c-7-b-color-2)\"><\/stop><\/lineargradient><\/defs><\/svg><svg xmlns=\"http:\/\/www.w3.org\/2000\/svg\" viewbox=\"0 0 384 512\" aria-hidden=\"true\" width=\"32\" height=\"32\"><path d=\"M64 0C28.7 0 0 28.7 0 64V448c0 35.3 28.7 64 64 64H320c35.3 0 64-28.7 64-64V160H256c-17.7 0-32-14.3-32-32V0H64zM256 0V128H384L256 0zM112 256H272c8.8 0 16 7.2 16 16s-7.2 16-16 16H112c-8.8 0-16-7.2-16-16s7.2-16 16-16zm0 64H272c8.8 0 16 7.2 16 16s-7.2 16-16 16H112c-8.8 0-16-7.2-16-16s7.2-16 16-16zm0 64H272c8.8 0 16 7.2 16 16s-7.2 16-16 16H112c-8.8 0-16-7.2-16-16s7.2-16 16-16z\"><\/path><\/svg><\/div><\/span><\/div>\n\n\n\n<div class=\"wp-block-stackable-heading stk-block-heading stk-block-heading--v2 stk-block stk-b312caa\" id=\"admi-contable\" data-block-id=\"b312caa\"><style>.stk-b312caa {margin-bottom:8px !important;}<\/style><h4 class=\"stk-block-heading__text\">Accounting Management<\/h4><\/div>\n\n\n\n<div class=\"wp-block-stackable-button-group stk-block-button-group stk-block stk-97414de\" data-block-id=\"97414de\"><style>.stk-97414de .stk-button-group{flex-direction:row !important;}@media screen and (max-width:999px){.stk-97414de .stk-button-group{flex-direction:row !important;}}@media screen and (max-width:689px){.stk-97414de .stk-button-group{flex-direction:row !important;}}<\/style><div class=\"stk-row stk-inner-blocks stk-block-content stk-button-group\">\n<div class=\"wp-block-stackable-button stk-block-button stk-block stk-5be428d\" data-block-id=\"5be428d\"><a class=\"stk-link stk-button stk--hover-effect-darken\" href=\"https:\/\/tucontadorlatino.com\/en\/adm-contable-mensual\/\"><span class=\"stk-button__inner-text\">Learn More<\/span><\/a><\/div>\n<\/div><\/div>\n<\/div><\/div><\/div>\n<\/div><\/div>\n<\/div><\/div><\/div>\n<\/div><\/div>\n\n\n\n<p><\/p>","protected":false},"excerpt":{"rendered":"<p>Servicios Contables Tu Contabilidad Simplificada, Siempre en Espa\u00f1ol. Nos encargamos de tus finanzas para que t\u00fa te enfoques en lo que realmente importa. Ofrecemos servicios adaptados a tus necesidades, tanto personales como empresariales Cont\u00e1ctanos ahora Payroll para empresas M\u00e1s info Asesor\u00eda contable M\u00e1s info Reportes financieros M\u00e1s info Admi. Contable M\u00e1s info<\/p>","protected":false},"author":1,"featured_media":0,"parent":0,"menu_order":0,"comment_status":"closed","ping_status":"closed","template":"","meta":{"footnotes":""},"class_list":["post-80","page","type-page","status-publish","hentry"],"blocksy_meta":{"has_hero_section":"disabled","styles_descriptor":{"styles":{"desktop":"","tablet":"","mobile":""},"google_fonts":[],"version":6}},"_links":{"self":[{"href":"https:\/\/tucontadorlatino.com\/en\/wp-json\/wp\/v2\/pages\/80","targetHints":{"allow":["GET"]}}],"collection":[{"href":"https:\/\/tucontadorlatino.com\/en\/wp-json\/wp\/v2\/pages"}],"about":[{"href":"https:\/\/tucontadorlatino.com\/en\/wp-json\/wp\/v2\/types\/page"}],"author":[{"embeddable":true,"href":"https:\/\/tucontadorlatino.com\/en\/wp-json\/wp\/v2\/users\/1"}],"replies":[{"embeddable":true,"href":"https:\/\/tucontadorlatino.com\/en\/wp-json\/wp\/v2\/comments?post=80"}],"version-history":[{"count":4,"href":"https:\/\/tucontadorlatino.com\/en\/wp-json\/wp\/v2\/pages\/80\/revisions"}],"predecessor-version":[{"id":310,"href":"https:\/\/tucontadorlatino.com\/en\/wp-json\/wp\/v2\/pages\/80\/revisions\/310"}],"wp:attachment":[{"href":"https:\/\/tucontadorlatino.com\/en\/wp-json\/wp\/v2\/media?parent=80"}],"curies":[{"name":"wp","href":"https:\/\/api.w.org\/{rel}","templated":true}]}}