{"id":79,"date":"2024-12-05T23:13:10","date_gmt":"2024-12-05T23:13:10","guid":{"rendered":"https:\/\/tucontadorlatino.com\/?page_id=79"},"modified":"2025-01-02T20:48:32","modified_gmt":"2025-01-02T20:48:32","slug":"impuestos-y-retornos","status":"publish","type":"page","link":"https:\/\/tucontadorlatino.com\/en\/impuestos-y-retornos\/","title":{"rendered":"Impuestos y retornos"},"content":{"rendered":"<div class=\"wp-block-stackable-columns alignwide stk-block-columns stk-block stk-33878b2\" data-block-id=\"33878b2\"><div class=\"stk-row stk-inner-blocks stk-block-content stk-content-align stk-33878b2-column alignwide\">\n<div class=\"wp-block-stackable-column stk-block-column stk-column stk-block stk-47b76dd\" data-v=\"4\" data-block-id=\"47b76dd\"><div class=\"stk-column-wrapper stk-block-column__content stk-container stk-47b76dd-container stk--no-background stk--no-padding\"><div class=\"stk-block-content stk-inner-blocks stk-47b76dd-inner-blocks\">\n<div class=\"wp-block-stackable-heading stk-block-heading stk-block-heading--v2 stk-block stk-565f662\" id=\"impuestos-taxes\" data-block-id=\"565f662\"><style>.stk-565f662 {margin-bottom:48px !important;}<\/style><h2 class=\"stk-block-heading__text\">Taxes<\/h2><\/div>\n\n\n\n<div class=\"wp-block-stackable-columns stk-block-columns stk-block stk-4eb3108\" data-block-id=\"4eb3108\"><style>.stk-4eb3108-column{--stk-column-gap:48px !important;}<\/style><div class=\"stk-row stk-inner-blocks stk-block-content stk-content-align stk-4eb3108-column\">\n<div class=\"wp-block-stackable-column stk-block-column stk-column stk-block stk-525193f\" data-v=\"4\" data-block-id=\"525193f\"><div class=\"stk-column-wrapper stk-block-column__content stk-container stk-525193f-container stk--no-background stk--no-padding\"><div class=\"stk-block-content stk-inner-blocks stk-525193f-inner-blocks\">\n<div class=\"wp-block-stackable-icon-box stk-block-icon-box stk-block stk-99953c4\" data-v=\"2\" data-block-id=\"99953c4\"><div class=\"stk-block-content stk-inner-blocks stk-block-icon-box__content stk-container stk-99953c4-container stk--no-background stk--no-padding\">\n<div class=\"wp-block-stackable-icon-label stk-block-icon-label stk-block stk-cc587f4\" data-block-id=\"cc587f4\"><div class=\"stk-row stk-inner-blocks stk-block-content\">\n<div class=\"wp-block-stackable-icon stk-block-icon has-text-align-left stk-block stk-69b30e5\" data-block-id=\"69b30e5\"><span class=\"stk--svg-wrapper\"><div class=\"stk--inner-svg\"><svg style=\"height:0;width:0\"><defs><lineargradient id=\"linear-gradient-69b30e5\" x1=\"0\" x2=\"100%\" y1=\"0\" y2=\"0\"><stop offset=\"0%\" style=\"stop-opacity:1;stop-color:var(--linear-gradient-69-b-30-e-5-color-1)\"><\/stop><stop offset=\"100%\" style=\"stop-opacity:1;stop-color:var(--linear-gradient-69-b-30-e-5-color-2)\"><\/stop><\/lineargradient><\/defs><\/svg><svg xmlns=\"http:\/\/www.w3.org\/2000\/svg\" viewbox=\"0 0 640 512\" aria-hidden=\"true\" width=\"32\" height=\"32\"><path d=\"M335.5 4l288 160c15.4 8.6 21 28.1 12.4 43.5s-28.1 21-43.5 12.4L320 68.6 47.5 220c-15.4 8.6-34.9 3-43.5-12.4s-3-34.9 12.4-43.5L304.5 4c9.7-5.4 21.4-5.4 31.1 0zM320 160a40 40 0 1 1 0 80 40 40 0 1 1 0-80zM144 256a40 40 0 1 1 0 80 40 40 0 1 1 0-80zm312 40a40 40 0 1 1 80 0 40 40 0 1 1 -80 0zM226.9 491.4L200 441.5V480c0 17.7-14.3 32-32 32H120c-17.7 0-32-14.3-32-32V441.5L61.1 491.4c-6.3 11.7-20.8 16-32.5 9.8s-16-20.8-9.8-32.5l37.9-70.3c15.3-28.5 45.1-46.3 77.5-46.3h19.5c16.3 0 31.9 4.5 45.4 12.6l33.6-62.3c15.3-28.5 45.1-46.3 77.5-46.3h19.5c32.4 0 62.1 17.8 77.5 46.3l33.6 62.3c13.5-8.1 29.1-12.6 45.4-12.6h19.5c32.4 0 62.1 17.8 77.5 46.3l37.9 70.3c6.3 11.7 1.9 26.2-9.8 32.5s-26.2 1.9-32.5-9.8L552 441.5V480c0 17.7-14.3 32-32 32H472c-17.7 0-32-14.3-32-32V441.5l-26.9 49.9c-6.3 11.7-20.8 16-32.5 9.8s-16-20.8-9.8-32.5l36.3-67.5c-1.7-1.7-3.2-3.6-4.3-5.8L376 345.5V400c0 17.7-14.3 32-32 32H296c-17.7 0-32-14.3-32-32V345.5l-26.9 49.9c-1.2 2.2-2.6 4.1-4.3 5.8l36.3 67.5c6.3 11.7 1.9 26.2-9.8 32.5s-26.2 1.9-32.5-9.8z\"><\/path><\/svg><\/div><\/span><\/div>\n\n\n\n<div class=\"wp-block-stackable-heading stk-block-heading stk-block-heading--v2 stk-block stk-b9e57ff\" id=\"impuestos-personales\" data-block-id=\"b9e57ff\"><h4 class=\"stk-block-heading__text\">Personal Taxes<\/h4><\/div>\n<\/div><\/div>\n\n\n\n<div class=\"wp-block-stackable-button-group stk-block-button-group stk-block stk-0a87826\" data-block-id=\"0a87826\"><style>.stk-0a87826 .stk-button-group{flex-direction:row !important;}@media screen and (max-width:999px){.stk-0a87826 .stk-button-group{flex-direction:row !important;}}@media screen and (max-width:689px){.stk-0a87826 .stk-button-group{flex-direction:row !important;}}<\/style><div class=\"stk-row stk-inner-blocks stk-block-content stk-button-group\">\n<div class=\"wp-block-stackable-button stk-block-button stk-block stk-f202bfe\" data-block-id=\"f202bfe\"><a class=\"stk-link stk-button stk--hover-effect-darken\" href=\"https:\/\/tucontadorlatino.com\/en\/impuestos-personales\/\"><span class=\"stk-button__inner-text\">Learn More<\/span><\/a><\/div>\n<\/div><\/div>\n<\/div><\/div>\n\n\n\n<div class=\"wp-block-stackable-icon-box stk-block-icon-box stk-block stk-6f66e86\" data-v=\"2\" data-block-id=\"6f66e86\"><div class=\"stk-block-content stk-inner-blocks stk-block-icon-box__content stk-container stk-6f66e86-container stk--no-background stk--no-padding\">\n<div class=\"wp-block-stackable-icon-label stk-block-icon-label stk-block stk-df2d30b\" data-block-id=\"df2d30b\"><div class=\"stk-row stk-inner-blocks stk-block-content\">\n<div class=\"wp-block-stackable-icon stk-block-icon has-text-align-left stk-block stk-e0b3ead\" data-block-id=\"e0b3ead\"><span class=\"stk--svg-wrapper\"><div class=\"stk--inner-svg\"><svg style=\"height:0;width:0\"><defs><lineargradient id=\"linear-gradient-e0b3ead\" x1=\"0\" x2=\"100%\" y1=\"0\" y2=\"0\"><stop offset=\"0%\" style=\"stop-opacity:1;stop-color:var(--linear-gradient-e-0-b-3-ead-color-1)\"><\/stop><stop offset=\"100%\" style=\"stop-opacity:1;stop-color:var(--linear-gradient-e-0-b-3-ead-color-2)\"><\/stop><\/lineargradient><\/defs><\/svg><svg xmlns=\"http:\/\/www.w3.org\/2000\/svg\" viewbox=\"0 0 448 512\" aria-hidden=\"true\" width=\"32\" height=\"32\"><path d=\"M96 128a128 128 0 1 0 256 0A128 128 0 1 0 96 128zm94.5 200.2l18.6 31L175.8 483.1l-36-146.9c-2-8.1-9.8-13.4-17.9-11.3C51.9 342.4 0 405.8 0 481.3c0 17 13.8 30.7 30.7 30.7H162.5c0 0 0 0 .1 0H168 280h5.5c0 0 0 0 .1 0H417.3c17 0 30.7-13.8 30.7-30.7c0-75.5-51.9-138.9-121.9-156.4c-8.1-2-15.9 3.3-17.9 11.3l-36 146.9L238.9 359.2l18.6-31c6.4-10.7-1.3-24.2-13.7-24.2H224 204.3c-12.4 0-20.1 13.6-13.7 24.2z\"><\/path><\/svg><\/div><\/span><\/div>\n\n\n\n<div class=\"wp-block-stackable-heading stk-block-heading stk-block-heading--v2 stk-block stk-1568f20\" id=\"impuestos-para-negocios\" data-block-id=\"1568f20\"><h4 class=\"stk-block-heading__text\">Business Taxes<\/h4><\/div>\n<\/div><\/div>\n\n\n\n<div class=\"wp-block-stackable-button-group stk-block-button-group stk-block stk-75e29bb\" data-block-id=\"75e29bb\"><style>.stk-75e29bb .stk-button-group{flex-direction:row !important;}@media screen and (max-width:999px){.stk-75e29bb .stk-button-group{flex-direction:row !important;}}@media screen and (max-width:689px){.stk-75e29bb .stk-button-group{flex-direction:row !important;}}<\/style><div class=\"stk-row stk-inner-blocks stk-block-content stk-button-group\">\n<div class=\"wp-block-stackable-button stk-block-button stk-block stk-53404dd\" data-block-id=\"53404dd\"><a class=\"stk-link stk-button stk--hover-effect-darken\" href=\"https:\/\/tucontadorlatino.com\/en\/impuestos-para-negocios\/\"><span class=\"stk-button__inner-text\">Learn More<\/span><\/a><\/div>\n<\/div><\/div>\n<\/div><\/div>\n\n\n\n<div class=\"wp-block-stackable-icon-box stk-block-icon-box stk-block stk-7cbaded\" data-v=\"2\" data-block-id=\"7cbaded\"><div class=\"stk-block-content stk-inner-blocks stk-block-icon-box__content stk-container stk-7cbaded-container stk--no-background stk--no-padding\">\n<div class=\"wp-block-stackable-icon-label stk-block-icon-label stk-block stk-1ed4e96\" data-block-id=\"1ed4e96\"><div class=\"stk-row stk-inner-blocks stk-block-content\">\n<div class=\"wp-block-stackable-icon stk-block-icon has-text-align-left stk-block stk-bd44112\" data-block-id=\"bd44112\"><span class=\"stk--svg-wrapper\"><div class=\"stk--inner-svg\"><svg style=\"height:0;width:0\"><defs><lineargradient id=\"linear-gradient-bd44112\" x1=\"0\" x2=\"100%\" y1=\"0\" y2=\"0\"><stop offset=\"0%\" style=\"stop-opacity:1;stop-color:var(--linear-gradient-bd-44112-color-1)\"><\/stop><stop offset=\"100%\" style=\"stop-opacity:1;stop-color:var(--linear-gradient-bd-44112-color-2)\"><\/stop><\/lineargradient><\/defs><\/svg><svg xmlns=\"http:\/\/www.w3.org\/2000\/svg\" viewbox=\"0 0 576 512\" aria-hidden=\"true\" width=\"32\" height=\"32\"><path d=\"M249.6 471.5c10.8 3.8 22.4-4.1 22.4-15.5V78.6c0-4.2-1.6-8.4-5-11C247.4 52 202.4 32 144 32C93.5 32 46.3 45.3 18.1 56.1C6.8 60.5 0 71.7 0 83.8V454.1c0 11.9 12.8 20.2 24.1 16.5C55.6 460.1 105.5 448 144 448c33.9 0 79 14 105.6 23.5zm76.8 0C353 462 398.1 448 432 448c38.5 0 88.4 12.1 119.9 22.6c11.3 3.8 24.1-4.6 24.1-16.5V83.8c0-12.1-6.8-23.3-18.1-27.6C529.7 45.3 482.5 32 432 32c-58.4 0-103.4 20-123 35.6c-3.3 2.6-5 6.8-5 11V456c0 11.4 11.7 19.3 22.4 15.5z\"><\/path><\/svg><\/div><\/span><\/div>\n\n\n\n<div class=\"wp-block-stackable-heading stk-block-heading stk-block-heading--v2 stk-block stk-c16dbdb\" id=\"planificacion-impositiva-anual\" data-block-id=\"c16dbdb\"><h4 class=\"stk-block-heading__text\">Annual Tax Planning<\/h4><\/div>\n<\/div><\/div>\n\n\n\n<div class=\"wp-block-stackable-button-group stk-block-button-group stk-block stk-e79c1fd\" data-block-id=\"e79c1fd\"><style>.stk-e79c1fd .stk-button-group{flex-direction:row !important;}@media screen and (max-width:999px){.stk-e79c1fd .stk-button-group{flex-direction:row !important;}}@media screen and (max-width:689px){.stk-e79c1fd .stk-button-group{flex-direction:row !important;}}<\/style><div class=\"stk-row stk-inner-blocks stk-block-content stk-button-group\">\n<div class=\"wp-block-stackable-button stk-block-button stk-block stk-9256d2f\" data-block-id=\"9256d2f\"><a class=\"stk-link stk-button stk--hover-effect-darken\" href=\"https:\/\/tucontadorlatino.com\/en\/planificacion-impositiva-anual\/\"><span class=\"stk-button__inner-text\">Learn More<\/span><\/a><\/div>\n<\/div><\/div>\n<\/div><\/div>\n<\/div><\/div><\/div>\n\n\n\n<div class=\"wp-block-stackable-column stk-block-column stk-column stk-block stk-89674ee\" data-v=\"4\" data-block-id=\"89674ee\"><div class=\"stk-column-wrapper stk-block-column__content stk-container stk-89674ee-container stk--no-background stk--no-padding\"><div class=\"stk-block-content stk-inner-blocks stk-89674ee-inner-blocks\">\n<div class=\"wp-block-stackable-image stk-block-image stk-block stk-e8712db\" data-block-id=\"e8712db\"><style>.stk-e8712db .stk-img-wrapper{height:600px !important;}<\/style><figure><span class=\"stk-img-wrapper stk-image--shape-stretch\"><img loading=\"lazy\" decoding=\"async\" class=\"stk-img wp-image-306\" src=\"https:\/\/tucontadorlatino.com\/wp-content\/uploads\/2025\/01\/freepik__expand__10419.jpeg\" width=\"2000\" height=\"2000\" srcset=\"https:\/\/tucontadorlatino.com\/wp-content\/uploads\/2025\/01\/freepik__expand__10419.jpeg 2000w, https:\/\/tucontadorlatino.com\/wp-content\/uploads\/2025\/01\/freepik__expand__10419-300x300.jpeg 300w, https:\/\/tucontadorlatino.com\/wp-content\/uploads\/2025\/01\/freepik__expand__10419-1024x1024.jpeg 1024w, https:\/\/tucontadorlatino.com\/wp-content\/uploads\/2025\/01\/freepik__expand__10419-150x150.jpeg 150w, https:\/\/tucontadorlatino.com\/wp-content\/uploads\/2025\/01\/freepik__expand__10419-768x768.jpeg 768w, https:\/\/tucontadorlatino.com\/wp-content\/uploads\/2025\/01\/freepik__expand__10419-1536x1536.jpeg 1536w\" sizes=\"auto, (max-width: 2000px) 100vw, 2000px\" \/><\/span><\/figure><\/div>\n<\/div><\/div><\/div>\n<\/div><\/div>\n<\/div><\/div><\/div>\n<\/div><\/div>\n\n\n\n<p><\/p>","protected":false},"excerpt":{"rendered":"<p>Impuestos\/ Taxes Impuestos personales M\u00e1s informaci\u00f3n Impuestos para negocios M\u00e1s informaci\u00f3n Planificaci\u00f3n impositiva anual M\u00e1s informaci\u00f3n<\/p>","protected":false},"author":1,"featured_media":0,"parent":0,"menu_order":0,"comment_status":"closed","ping_status":"closed","template":"","meta":{"footnotes":""},"class_list":["post-79","page","type-page","status-publish","hentry"],"blocksy_meta":{"has_hero_section":"disabled","styles_descriptor":{"styles":{"desktop":"","tablet":"","mobile":""},"google_fonts":[],"version":6}},"_links":{"self":[{"href":"https:\/\/tucontadorlatino.com\/en\/wp-json\/wp\/v2\/pages\/79","targetHints":{"allow":["GET"]}}],"collection":[{"href":"https:\/\/tucontadorlatino.com\/en\/wp-json\/wp\/v2\/pages"}],"about":[{"href":"https:\/\/tucontadorlatino.com\/en\/wp-json\/wp\/v2\/types\/page"}],"author":[{"embeddable":true,"href":"https:\/\/tucontadorlatino.com\/en\/wp-json\/wp\/v2\/users\/1"}],"replies":[{"embeddable":true,"href":"https:\/\/tucontadorlatino.com\/en\/wp-json\/wp\/v2\/comments?post=79"}],"version-history":[{"count":9,"href":"https:\/\/tucontadorlatino.com\/en\/wp-json\/wp\/v2\/pages\/79\/revisions"}],"predecessor-version":[{"id":307,"href":"https:\/\/tucontadorlatino.com\/en\/wp-json\/wp\/v2\/pages\/79\/revisions\/307"}],"wp:attachment":[{"href":"https:\/\/tucontadorlatino.com\/en\/wp-json\/wp\/v2\/media?parent=79"}],"curies":[{"name":"wp","href":"https:\/\/api.w.org\/{rel}","templated":true}]}}