{"id":40,"date":"2024-12-03T22:15:15","date_gmt":"2024-12-03T22:15:15","guid":{"rendered":"https:\/\/tucontadorlatino.com\/?page_id=40"},"modified":"2025-01-02T20:57:06","modified_gmt":"2025-01-02T20:57:06","slug":"creacion-de-empresas","status":"publish","type":"page","link":"https:\/\/tucontadorlatino.com\/en\/creacion-de-empresas\/","title":{"rendered":"Company Formation"},"content":{"rendered":"<div class=\"wp-block-stackable-columns alignwide stk-block-columns stk-block stk-7582e52\" data-block-id=\"7582e52\"><div class=\"stk-row stk-inner-blocks stk-block-content stk-content-align stk-7582e52-column alignwide\">\n<div class=\"wp-block-stackable-column stk-block-column stk-column stk-block stk-c02421e\" data-v=\"4\" data-block-id=\"c02421e\"><div class=\"stk-column-wrapper stk-block-column__content stk-container stk-c02421e-container stk--no-background stk--no-padding\"><div class=\"stk-block-content stk-inner-blocks stk-c02421e-inner-blocks\">\n<div class=\"wp-block-stackable-columns stk-block-columns stk-block stk-dd476c8\" data-block-id=\"dd476c8\"><style>.stk-dd476c8 {margin-bottom:48px !important;}.stk-dd476c8-column{--stk-column-gap:48px !important;}<\/style><div class=\"stk-row stk-inner-blocks stk-block-content stk-content-align stk-dd476c8-column\">\n<div class=\"wp-block-stackable-column stk-block-column stk-column stk-block stk-2dfdea2\" data-v=\"4\" data-block-id=\"2dfdea2\"><div class=\"stk-column-wrapper stk-block-column__content stk-container stk-2dfdea2-container stk--no-background stk--no-padding\"><div class=\"stk-block-content stk-inner-blocks stk-2dfdea2-inner-blocks\">\n<div class=\"wp-block-stackable-image stk-block-image stk-block stk-d5e37ce\" data-block-id=\"d5e37ce\"><style>.stk-d5e37ce .stk-img-wrapper{height:500px !important;}<\/style><figure><span class=\"stk-img-wrapper stk-image--shape-stretch\"><img loading=\"lazy\" decoding=\"async\" class=\"stk-img wp-image-256\" src=\"https:\/\/tucontadorlatino.com\/wp-content\/uploads\/2024\/12\/Diseno-sin-titulo-15.png\" width=\"800\" height=\"800\" srcset=\"https:\/\/tucontadorlatino.com\/wp-content\/uploads\/2024\/12\/Diseno-sin-titulo-15.png 800w, https:\/\/tucontadorlatino.com\/wp-content\/uploads\/2024\/12\/Diseno-sin-titulo-15-300x300.png 300w, https:\/\/tucontadorlatino.com\/wp-content\/uploads\/2024\/12\/Diseno-sin-titulo-15-150x150.png 150w, https:\/\/tucontadorlatino.com\/wp-content\/uploads\/2024\/12\/Diseno-sin-titulo-15-768x768.png 768w\" sizes=\"auto, (max-width: 800px) 100vw, 800px\" \/><\/span><\/figure><\/div>\n<\/div><\/div><\/div>\n\n\n\n<div class=\"wp-block-stackable-column stk-block-column stk-column stk-block stk-8df541b\" data-v=\"4\" data-block-id=\"8df541b\"><style>.stk-8df541b-inner-blocks{justify-content:center !important;}.stk-8df541b-container{display:flex !important;}<\/style><div class=\"stk-column-wrapper stk-block-column__content stk-container stk-8df541b-container stk--no-background stk--no-padding\"><div class=\"stk-block-content stk-inner-blocks stk-8df541b-inner-blocks\">\n<div class=\"wp-block-stackable-subtitle stk-block-subtitle stk-block stk-2db7a97\" data-block-id=\"2db7a97\"><style>.stk-2db7a97 {margin-bottom:0px !important;}<\/style><p class=\"stk-block-subtitle__text stk-subtitle\">Make Your Dream of Owning Your Own Business a Reality with Experts Who Guide You Step by Step and in Your Language.<\/p><\/div>\n\n\n\n<div class=\"wp-block-stackable-heading stk-block-heading stk-block-heading--v2 stk-block stk-e32baf2\" id=\"abre-tu-empresa-tu-primer-paso-hacia-el-exito-empresarial\" data-block-id=\"e32baf2\"><h2 class=\"stk-block-heading__text\">Start Your Business: Your First Step Toward Business Success<\/h2><\/div>\n\n\n\n<p>Taking the leap to start your own business in the United States is exciting but can also be intimidating. What is the right legal structure for you? What steps do you need to follow to comply with the laws? At <em>Tu Contador Latino<\/em>, we help you navigate this process easily and without complications.<\/p>\n\n\n\n<p>We offer a 100% Spanish-language service, guiding you from choosing the type of business (LLC, Corporation, Sole Proprietorship, etc.) to the official federal and state registration of your business. We ensure you start with a solid and legal foundation so you can focus on growing your business without worrying about administrative tasks.<\/p>\n\n\n\n<p>Our specialists not only take care of the technical aspects but also share practical tips and strategies to help your business start successfully and be prepared for growth.<\/p>\n\n\n\n<div class=\"wp-block-stackable-button-group stk-block-button-group stk-block stk-747b173\" data-block-id=\"747b173\"><style>.stk-747b173 .stk-button-group{flex-direction:row !important;}@media screen and (max-width:999px){.stk-747b173 .stk-button-group{flex-direction:row !important;}}@media screen and (max-width:689px){.stk-747b173 .stk-button-group{flex-direction:row !important;}}<\/style><div class=\"stk-row stk-inner-blocks stk-block-content stk-button-group\">\n<div class=\"wp-block-stackable-button stk-block-button stk-block stk-04d40b4\" data-block-id=\"04d40b4\"><a class=\"stk-link stk-button stk--hover-effect-darken\" href=\"https:\/\/tucontadorlatino.com\/en\/contacto\/\"><span class=\"stk-button__inner-text\">START YOUR BUSINESS HERE<\/span><\/a><\/div>\n<\/div><\/div>\n<\/div><\/div><\/div>\n<\/div><\/div>\n\n\n\n<div class=\"wp-block-stackable-columns stk-block-columns stk-block stk-d833b3d\" data-block-id=\"d833b3d\"><div class=\"stk-row stk-inner-blocks stk-block-content stk-content-align stk-d833b3d-column\">\n<div class=\"wp-block-stackable-column stk-block-column stk-column stk-block stk-f8009f4\" data-v=\"4\" data-block-id=\"f8009f4\"><div class=\"stk-column-wrapper stk-block-column__content stk-container stk-f8009f4-container stk--no-background stk--no-padding\"><div class=\"stk-block-content stk-inner-blocks stk-f8009f4-inner-blocks\">\n<div class=\"wp-block-stackable-icon stk-block-icon stk-block stk-fa85c27\" data-block-id=\"fa85c27\"><span class=\"stk--svg-wrapper\"><div class=\"stk--inner-svg\"><svg style=\"height:0;width:0\"><defs><lineargradient id=\"linear-gradient-fa85c27\" x1=\"0\" x2=\"100%\" y1=\"0\" y2=\"0\"><stop offset=\"0%\" style=\"stop-opacity:1;stop-color:var(--linear-gradient-fa-85-c-27-color-1)\"><\/stop><stop offset=\"100%\" style=\"stop-opacity:1;stop-color:var(--linear-gradient-fa-85-c-27-color-2)\"><\/stop><\/lineargradient><\/defs><\/svg><svg xmlns=\"http:\/\/www.w3.org\/2000\/svg\" viewbox=\"0 0 640 512\" aria-hidden=\"true\" width=\"32\" height=\"32\"><path d=\"M192 96a48 48 0 1 0 0-96 48 48 0 1 0 0 96zm-8 384V352h16V480c0 17.7 14.3 32 32 32s32-14.3 32-32V192h56 64 16c17.7 0 32-14.3 32-32s-14.3-32-32-32H384V64H576V256H384V224H320v48c0 26.5 21.5 48 48 48H592c26.5 0 48-21.5 48-48V48c0-26.5-21.5-48-48-48H368c-26.5 0-48 21.5-48 48v80H243.1 177.1c-33.7 0-64.9 17.7-82.3 46.6l-58.3 97c-9.1 15.1-4.2 34.8 10.9 43.9s34.8 4.2 43.9-10.9L120 256.9V480c0 17.7 14.3 32 32 32s32-14.3 32-32z\"><\/path><\/svg><\/div><\/span><\/div>\n\n\n\n<div class=\"wp-block-stackable-heading stk-block-heading stk-block-heading--v2 stk-block stk-17d9ed9\" id=\"strong-asesoria-personalizada-strong\" data-block-id=\"17d9ed9\"><style>.stk-17d9ed9 {margin-bottom:16px !important;}<\/style><h3 class=\"stk-block-heading__text\"><strong>Personalized Advice:<\/strong><\/h3><\/div>\n\n\n\n<p>We help you choose the legal structure that best suits your goals, industry, and budget.<\/p>\n<\/div><\/div><\/div>\n\n\n\n<div class=\"wp-block-stackable-column stk-block-column stk-column stk-block stk-b28ff65\" data-v=\"4\" data-block-id=\"b28ff65\"><div class=\"stk-column-wrapper stk-block-column__content stk-container stk-b28ff65-container stk--no-background stk--no-padding\"><div class=\"stk-block-content stk-inner-blocks stk-b28ff65-inner-blocks\">\n<div class=\"wp-block-stackable-icon stk-block-icon stk-block stk-afb484a\" data-block-id=\"afb484a\"><span class=\"stk--svg-wrapper\"><div class=\"stk--inner-svg\"><svg style=\"height:0;width:0\"><defs><lineargradient id=\"linear-gradient-afb484a\" x1=\"0\" x2=\"100%\" y1=\"0\" y2=\"0\"><stop offset=\"0%\" style=\"stop-opacity:1;stop-color:var(--linear-gradient-afb-484-a-color-1)\"><\/stop><stop offset=\"100%\" style=\"stop-opacity:1;stop-color:var(--linear-gradient-afb-484-a-color-2)\"><\/stop><\/lineargradient><\/defs><\/svg><svg xmlns=\"http:\/\/www.w3.org\/2000\/svg\" viewbox=\"0 0 384 512\" aria-hidden=\"true\" width=\"32\" height=\"32\"><path d=\"M32 0C14.3 0 0 14.3 0 32S14.3 64 32 64V75c0 42.4 16.9 83.1 46.9 113.1L146.7 256 78.9 323.9C48.9 353.9 32 394.6 32 437v11c-17.7 0-32 14.3-32 32s14.3 32 32 32H64 320h32c17.7 0 32-14.3 32-32s-14.3-32-32-32V437c0-42.4-16.9-83.1-46.9-113.1L237.3 256l67.9-67.9c30-30 46.9-70.7 46.9-113.1V64c17.7 0 32-14.3 32-32s-14.3-32-32-32H320 64 32zM288 437v11H96V437c0-25.5 10.1-49.9 28.1-67.9L192 301.3l67.9 67.9c18 18 28.1 42.4 28.1 67.9z\"><\/path><\/svg><\/div><\/span><\/div>\n\n\n\n<div class=\"wp-block-stackable-heading stk-block-heading stk-block-heading--v2 stk-block stk-017ba85\" id=\"strong-ahorro-de-tiempo-y-confianza-strong\" data-block-id=\"017ba85\"><style>.stk-017ba85 {margin-bottom:16px !important;}<\/style><h3 class=\"stk-block-heading__text\"><strong>Save Time and Gain Confidence:<\/strong><\/h3><\/div>\n\n\n\n<p>We handle all the paperwork and necessary procedures, ensuring everything is in order from the start.<\/p>\n<\/div><\/div><\/div>\n\n\n\n<div class=\"wp-block-stackable-column stk-block-column stk-column stk-block stk-5e55ed4\" data-v=\"4\" data-block-id=\"5e55ed4\"><div class=\"stk-column-wrapper stk-block-column__content stk-container stk-5e55ed4-container stk--no-background stk--no-padding\"><div class=\"stk-block-content stk-inner-blocks stk-5e55ed4-inner-blocks\">\n<div class=\"wp-block-stackable-icon stk-block-icon stk-block stk-3720e03\" data-block-id=\"3720e03\"><span class=\"stk--svg-wrapper\"><div class=\"stk--inner-svg\"><svg style=\"height:0;width:0\"><defs><lineargradient id=\"linear-gradient-3720e03\" x1=\"0\" x2=\"100%\" y1=\"0\" y2=\"0\"><stop offset=\"0%\" style=\"stop-opacity:1;stop-color:var(--linear-gradient-3720-e-03-color-1)\"><\/stop><stop offset=\"100%\" style=\"stop-opacity:1;stop-color:var(--linear-gradient-3720-e-03-color-2)\"><\/stop><\/lineargradient><\/defs><\/svg><svg xmlns=\"http:\/\/www.w3.org\/2000\/svg\" viewbox=\"0 0 640 512\" aria-hidden=\"true\" width=\"32\" height=\"32\"><path d=\"M384 32H512c17.7 0 32 14.3 32 32s-14.3 32-32 32H398.4c-5.2 25.8-22.9 47.1-46.4 57.3V448H512c17.7 0 32 14.3 32 32s-14.3 32-32 32H320 128c-17.7 0-32-14.3-32-32s14.3-32 32-32H288V153.3c-23.5-10.3-41.2-31.6-46.4-57.3H128c-17.7 0-32-14.3-32-32s14.3-32 32-32H256c14.6-19.4 37.8-32 64-32s49.4 12.6 64 32zm55.6 288H584.4L512 195.8 439.6 320zM512 416c-62.9 0-115.2-34-126-78.9c-2.6-11 1-22.3 6.7-32.1l95.2-163.2c5-8.6 14.2-13.8 24.1-13.8s19.1 5.3 24.1 13.8l95.2 163.2c5.7 9.8 9.3 21.1 6.7 32.1C627.2 382 574.9 416 512 416zM126.8 195.8L54.4 320H199.3L126.8 195.8zM.9 337.1c-2.6-11 1-22.3 6.7-32.1l95.2-163.2c5-8.6 14.2-13.8 24.1-13.8s19.1 5.3 24.1 13.8l95.2 163.2c5.7 9.8 9.3 21.1 6.7 32.1C242 382 189.7 416 126.8 416S11.7 382 .9 337.1z\"><\/path><\/svg><\/div><\/span><\/div>\n\n\n\n<div class=\"wp-block-stackable-heading stk-block-heading stk-block-heading--v2 stk-block stk-fcc964d\" id=\"strong-inicio-solido-y-legal-strong\" data-block-id=\"fcc964d\"><style>.stk-fcc964d {margin-bottom:16px !important;}<\/style><h3 class=\"stk-block-heading__text\"><strong>Solid and Legal Start:<\/strong><\/h3><\/div>\n\n\n\n<p>We prepare you to comply with local, state, and federal regulations, avoiding mistakes that could cost you time or money.<\/p>\n<\/div><\/div><\/div>\n<\/div><\/div>\n<\/div><\/div><\/div>\n<\/div><\/div>\n\n\n\n<p><\/p>","protected":false},"excerpt":{"rendered":"<p>Haz realidad tu sue\u00f1o de ser due\u00f1o de tu propio negocio con expertos que te gu\u00edan paso a paso y en tu idioma. Abre tu Empresa: Tu Primer Paso Hacia el \u00c9xito Empresarial Dar el salto para abrir tu propio negocio en Estados Unidos es emocionante, pero tambi\u00e9n puede ser intimidante. \u00bfCu\u00e1l es la estructura [&hellip;]<\/p>","protected":false},"author":1,"featured_media":0,"parent":0,"menu_order":0,"comment_status":"closed","ping_status":"closed","template":"","meta":{"footnotes":""},"class_list":["post-40","page","type-page","status-publish","hentry"],"blocksy_meta":{"has_hero_section":"disabled","styles_descriptor":{"styles":{"desktop":"","tablet":"","mobile":""},"google_fonts":[],"version":6}},"_links":{"self":[{"href":"https:\/\/tucontadorlatino.com\/en\/wp-json\/wp\/v2\/pages\/40","targetHints":{"allow":["GET"]}}],"collection":[{"href":"https:\/\/tucontadorlatino.com\/en\/wp-json\/wp\/v2\/pages"}],"about":[{"href":"https:\/\/tucontadorlatino.com\/en\/wp-json\/wp\/v2\/types\/page"}],"author":[{"embeddable":true,"href":"https:\/\/tucontadorlatino.com\/en\/wp-json\/wp\/v2\/users\/1"}],"replies":[{"embeddable":true,"href":"https:\/\/tucontadorlatino.com\/en\/wp-json\/wp\/v2\/comments?post=40"}],"version-history":[{"count":5,"href":"https:\/\/tucontadorlatino.com\/en\/wp-json\/wp\/v2\/pages\/40\/revisions"}],"predecessor-version":[{"id":313,"href":"https:\/\/tucontadorlatino.com\/en\/wp-json\/wp\/v2\/pages\/40\/revisions\/313"}],"wp:attachment":[{"href":"https:\/\/tucontadorlatino.com\/en\/wp-json\/wp\/v2\/media?parent=40"}],"curies":[{"name":"wp","href":"https:\/\/api.w.org\/{rel}","templated":true}]}}