{"id":38,"date":"2024-12-03T22:15:15","date_gmt":"2024-12-03T22:15:15","guid":{"rendered":"https:\/\/tucontadorlatino.com\/?page_id=38"},"modified":"2025-01-02T20:54:39","modified_gmt":"2025-01-02T20:54:39","slug":"payroll-para-empresas","status":"publish","type":"page","link":"https:\/\/tucontadorlatino.com\/en\/payroll-para-empresas\/","title":{"rendered":"Payroll for Businesses"},"content":{"rendered":"<div class=\"wp-block-stackable-columns alignwide stk-block-columns stk-block stk-7582e52\" data-block-id=\"7582e52\"><div class=\"stk-row stk-inner-blocks stk-block-content stk-content-align stk-7582e52-column alignwide\">\n<div class=\"wp-block-stackable-column stk-block-column stk-column stk-block stk-93800bc\" data-v=\"4\" data-block-id=\"93800bc\"><div class=\"stk-column-wrapper stk-block-column__content stk-container stk-93800bc-container stk--no-background stk--no-padding\"><div class=\"stk-block-content stk-inner-blocks stk-93800bc-inner-blocks\">\n<div class=\"wp-block-stackable-columns stk-block-columns stk-block stk-dd476c8\" data-block-id=\"dd476c8\"><style>.stk-dd476c8 {margin-bottom:48px !important;}.stk-dd476c8-column{--stk-column-gap:48px !important;}<\/style><div class=\"stk-row stk-inner-blocks stk-block-content stk-content-align stk-dd476c8-column\">\n<div class=\"wp-block-stackable-column stk-block-column stk-column stk-block stk-3236991\" data-v=\"4\" data-block-id=\"3236991\"><div class=\"stk-column-wrapper stk-block-column__content stk-container stk-3236991-container stk--no-background stk--no-padding\"><div class=\"stk-block-content stk-inner-blocks stk-3236991-inner-blocks\">\n<div class=\"wp-block-stackable-image stk-block-image stk-block stk-9cb12d8\" data-block-id=\"9cb12d8\"><style>.stk-9cb12d8 .stk-img-wrapper{height:500px !important;}<\/style><figure><span class=\"stk-img-wrapper stk-image--shape-stretch\"><img loading=\"lazy\" decoding=\"async\" class=\"stk-img wp-image-268\" src=\"https:\/\/tucontadorlatino.com\/wp-content\/uploads\/2024\/12\/16584.jpg\" width=\"1000\" height=\"750\" srcset=\"https:\/\/tucontadorlatino.com\/wp-content\/uploads\/2024\/12\/16584.jpg 1000w, https:\/\/tucontadorlatino.com\/wp-content\/uploads\/2024\/12\/16584-300x225.jpg 300w, https:\/\/tucontadorlatino.com\/wp-content\/uploads\/2024\/12\/16584-768x576.jpg 768w\" sizes=\"auto, (max-width: 1000px) 100vw, 1000px\" \/><\/span><\/figure><\/div>\n<\/div><\/div><\/div>\n\n\n\n<div class=\"wp-block-stackable-column stk-block-column stk-column stk-block stk-2d12ab7\" data-v=\"4\" data-block-id=\"2d12ab7\"><style>.stk-2d12ab7-inner-blocks{justify-content:center !important;}.stk-2d12ab7-container{display:flex !important;}<\/style><div class=\"stk-column-wrapper stk-block-column__content stk-container stk-2d12ab7-container stk--no-background stk--no-padding\"><div class=\"stk-block-content stk-inner-blocks stk-2d12ab7-inner-blocks\">\n<div class=\"wp-block-stackable-subtitle stk-block-subtitle stk-block stk-12923e1\" data-block-id=\"12923e1\"><style>.stk-12923e1 {margin-bottom:0px !important;}<\/style><p class=\"stk-block-subtitle__text stk-subtitle\"><strong>Payroll<\/strong><\/p><\/div>\n\n\n\n<div class=\"wp-block-stackable-heading stk-block-heading stk-block-heading--v2 stk-block stk-46ca6d5\" id=\"strong-te-abruma-manejar-la-nomina-de-tus-empleados-strong\" data-block-id=\"46ca6d5\"><h2 class=\"stk-block-heading__text\"><strong>Is managing your employee payroll overwhelming? <\/strong><\/h2><\/div>\n\n\n\n<p><strong>Worried about making mistakes that could cost you time and money?<\/strong><br>At <em>Tu Contador Latino<\/em>, we know that managing payroll can be a challenge, especially if you're not familiar with the labor and tax laws in the United States. We offer a 100% Spanish-language service, designed to help Latino entrepreneurs and business owners focus on what really matters: growing their business.<\/p>\n\n\n\n<div class=\"wp-block-stackable-button-group stk-block-button-group stk-block stk-747b173\" data-block-id=\"747b173\"><style>.stk-747b173 .stk-button-group{flex-direction:row !important;}@media screen and (max-width:999px){.stk-747b173 .stk-button-group{flex-direction:row !important;}}@media screen and (max-width:689px){.stk-747b173 .stk-button-group{flex-direction:row !important;}}<\/style><div class=\"stk-row stk-inner-blocks stk-block-content stk-button-group\">\n<div class=\"wp-block-stackable-button stk-block-button stk-block stk-96636fe\" data-block-id=\"96636fe\"><a class=\"stk-link stk-button stk--hover-effect-darken\" href=\"https:\/\/tucontadorlatino.com\/en\/contacto\/\"><span class=\"stk-button__inner-text\"><strong>Get Started Now<\/strong><\/span><\/a><\/div>\n<\/div><\/div>\n<\/div><\/div><\/div>\n<\/div><\/div>\n\n\n\n<div class=\"wp-block-stackable-columns stk-block-columns stk-block stk-d833b3d\" data-block-id=\"d833b3d\"><div class=\"stk-row stk-inner-blocks stk-block-content stk-content-align stk-d833b3d-column\">\n<div class=\"wp-block-stackable-column stk-block-column stk-column stk-block stk-f644b94\" data-v=\"4\" data-block-id=\"f644b94\"><div class=\"stk-column-wrapper stk-block-column__content stk-container stk-f644b94-container stk--no-background stk--no-padding\"><div class=\"stk-block-content stk-inner-blocks stk-f644b94-inner-blocks\">\n<div class=\"wp-block-stackable-icon stk-block-icon stk-block stk-654ba7e\" data-block-id=\"654ba7e\"><span class=\"stk--svg-wrapper\"><div class=\"stk--inner-svg\"><svg style=\"height:0;width:0\"><defs><lineargradient id=\"linear-gradient-654ba7e\" x1=\"0\" x2=\"100%\" y1=\"0\" y2=\"0\"><stop offset=\"0%\" style=\"stop-opacity:1;stop-color:var(--linear-gradient-654-ba-7-e-color-1)\"><\/stop><stop offset=\"100%\" style=\"stop-opacity:1;stop-color:var(--linear-gradient-654-ba-7-e-color-2)\"><\/stop><\/lineargradient><\/defs><\/svg><svg xmlns=\"http:\/\/www.w3.org\/2000\/svg\" viewbox=\"0 0 384 512\" aria-hidden=\"true\" width=\"32\" height=\"32\"><path d=\"M64 0C28.7 0 0 28.7 0 64V448c0 35.3 28.7 64 64 64H320c35.3 0 64-28.7 64-64V64c0-35.3-28.7-64-64-64H64zM96 64H288c17.7 0 32 14.3 32 32v32c0 17.7-14.3 32-32 32H96c-17.7 0-32-14.3-32-32V96c0-17.7 14.3-32 32-32zm32 160a32 32 0 1 1 -64 0 32 32 0 1 1 64 0zM96 352a32 32 0 1 1 0-64 32 32 0 1 1 0 64zM64 416c0-17.7 14.3-32 32-32h96c17.7 0 32 14.3 32 32s-14.3 32-32 32H96c-17.7 0-32-14.3-32-32zM192 256a32 32 0 1 1 0-64 32 32 0 1 1 0 64zm32 64a32 32 0 1 1 -64 0 32 32 0 1 1 64 0zm64-64a32 32 0 1 1 0-64 32 32 0 1 1 0 64zm32 64a32 32 0 1 1 -64 0 32 32 0 1 1 64 0zM288 448a32 32 0 1 1 0-64 32 32 0 1 1 0 64z\"><\/path><\/svg><\/div><\/span><\/div>\n\n\n\n<div class=\"wp-block-stackable-heading stk-block-heading stk-block-heading--v2 stk-block stk-701f96d\" id=\"calculos\" data-block-id=\"701f96d\"><style>.stk-701f96d {margin-bottom:16px !important;}<\/style><h3 class=\"stk-block-heading__text\">Calculations<\/h3><\/div>\n\n\n\n<p><strong>Salary and deduction calculations:<\/strong> We ensure that each employee receives their correct payment, taking into account tax withholdings, overtime, and benefits.<\/p>\n<\/div><\/div><\/div>\n\n\n\n<div class=\"wp-block-stackable-column stk-block-column stk-column stk-block stk-b7a43be\" data-v=\"4\" data-block-id=\"b7a43be\"><div class=\"stk-column-wrapper stk-block-column__content stk-container stk-b7a43be-container stk--no-background stk--no-padding\"><div class=\"stk-block-content stk-inner-blocks stk-b7a43be-inner-blocks\">\n<div class=\"wp-block-stackable-icon stk-block-icon stk-block stk-078a22c\" data-block-id=\"078a22c\"><span class=\"stk--svg-wrapper\"><div class=\"stk--inner-svg\"><svg style=\"height:0;width:0\"><defs><lineargradient id=\"linear-gradient-078a22c\" x1=\"0\" x2=\"100%\" y1=\"0\" y2=\"0\"><stop offset=\"0%\" style=\"stop-opacity:1;stop-color:var(--linear-gradient-078-a-22-c-color-1)\"><\/stop><stop offset=\"100%\" style=\"stop-opacity:1;stop-color:var(--linear-gradient-078-a-22-c-color-2)\"><\/stop><\/lineargradient><\/defs><\/svg><svg xmlns=\"http:\/\/www.w3.org\/2000\/svg\" viewbox=\"0 0 640 512\" aria-hidden=\"true\" width=\"32\" height=\"32\"><path d=\"M384 32H512c17.7 0 32 14.3 32 32s-14.3 32-32 32H398.4c-5.2 25.8-22.9 47.1-46.4 57.3V448H512c17.7 0 32 14.3 32 32s-14.3 32-32 32H320 128c-17.7 0-32-14.3-32-32s14.3-32 32-32H288V153.3c-23.5-10.3-41.2-31.6-46.4-57.3H128c-17.7 0-32-14.3-32-32s14.3-32 32-32H256c14.6-19.4 37.8-32 64-32s49.4 12.6 64 32zm55.6 288H584.4L512 195.8 439.6 320zM512 416c-62.9 0-115.2-34-126-78.9c-2.6-11 1-22.3 6.7-32.1l95.2-163.2c5-8.6 14.2-13.8 24.1-13.8s19.1 5.3 24.1 13.8l95.2 163.2c5.7 9.8 9.3 21.1 6.7 32.1C627.2 382 574.9 416 512 416zM126.8 195.8L54.4 320H199.3L126.8 195.8zM.9 337.1c-2.6-11 1-22.3 6.7-32.1l95.2-163.2c5-8.6 14.2-13.8 24.1-13.8s19.1 5.3 24.1 13.8l95.2 163.2c5.7 9.8 9.3 21.1 6.7 32.1C242 382 189.7 416 126.8 416S11.7 382 .9 337.1z\"><\/path><\/svg><\/div><\/span><\/div>\n\n\n\n<div class=\"wp-block-stackable-heading stk-block-heading stk-block-heading--v2 stk-block stk-692202a\" id=\"expertos-legales\" data-block-id=\"692202a\"><style>.stk-692202a {margin-bottom:16px !important;}<\/style><h3 class=\"stk-block-heading__text\">Legal Experts<\/h3><\/div>\n\n\n\n<p><strong>Legal compliance:<\/strong> We handle all legal and tax requirements, including payroll tax reporting and filing forms such as the W-2 and 1099.<\/p>\n<\/div><\/div><\/div>\n\n\n\n<div class=\"wp-block-stackable-column stk-block-column stk-column stk-block stk-3d793a5\" data-v=\"4\" data-block-id=\"3d793a5\"><div class=\"stk-column-wrapper stk-block-column__content stk-container stk-3d793a5-container stk--no-background stk--no-padding\"><div class=\"stk-block-content stk-inner-blocks stk-3d793a5-inner-blocks\">\n<div class=\"wp-block-stackable-icon stk-block-icon stk-block stk-e973544\" data-block-id=\"e973544\"><span class=\"stk--svg-wrapper\"><div class=\"stk--inner-svg\"><svg style=\"height:0;width:0\"><defs><lineargradient id=\"linear-gradient-e973544\" x1=\"0\" x2=\"100%\" y1=\"0\" y2=\"0\"><stop offset=\"0%\" style=\"stop-opacity:1;stop-color:var(--linear-gradient-e-973544-color-1)\"><\/stop><stop offset=\"100%\" style=\"stop-opacity:1;stop-color:var(--linear-gradient-e-973544-color-2)\"><\/stop><\/lineargradient><\/defs><\/svg><svg xmlns=\"http:\/\/www.w3.org\/2000\/svg\" viewbox=\"0 0 512 512\" aria-hidden=\"true\" width=\"32\" height=\"32\"><path d=\"M24 56c0-13.3 10.7-24 24-24H80c13.3 0 24 10.7 24 24V176h16c13.3 0 24 10.7 24 24s-10.7 24-24 24H40c-13.3 0-24-10.7-24-24s10.7-24 24-24H56V80H48C34.7 80 24 69.3 24 56zM86.7 341.2c-6.5-7.4-18.3-6.9-24 1.2L51.5 357.9c-7.7 10.8-22.7 13.3-33.5 5.6s-13.3-22.7-5.6-33.5l11.1-15.6c23.7-33.2 72.3-35.6 99.2-4.9c21.3 24.4 20.8 60.9-1.1 84.7L86.8 432H120c13.3 0 24 10.7 24 24s-10.7 24-24 24H32c-9.5 0-18.2-5.6-22-14.4s-2.1-18.9 4.3-25.9l72-78c5.3-5.8 5.4-14.6 .3-20.5zM224 64H480c17.7 0 32 14.3 32 32s-14.3 32-32 32H224c-17.7 0-32-14.3-32-32s14.3-32 32-32zm0 160H480c17.7 0 32 14.3 32 32s-14.3 32-32 32H224c-17.7 0-32-14.3-32-32s14.3-32 32-32zm0 160H480c17.7 0 32 14.3 32 32s-14.3 32-32 32H224c-17.7 0-32-14.3-32-32s14.3-32 32-32z\"><\/path><\/svg><\/div><\/span><\/div>\n\n\n\n<div class=\"wp-block-stackable-heading stk-block-heading stk-block-heading--v2 stk-block stk-6941617\" id=\"gestion\" data-block-id=\"6941617\"><style>.stk-6941617 {margin-bottom:16px !important;}<\/style><h3 class=\"stk-block-heading__text\">Management<\/h3><\/div>\n\n\n\n<p><strong>Benefits management:<\/strong> We help you set up and manage benefits like insurance, retirement plans, and paid vacation.<\/p>\n<\/div><\/div><\/div>\n<\/div><\/div>\n<\/div><\/div><\/div>\n<\/div><\/div>","protected":false},"excerpt":{"rendered":"<p>N\u00f3minas o Payroll \u00bfTe abruma manejar la n\u00f3mina de tus empleados? \u00bfTe preocupa cometer errores que puedan costarte tiempo y dinero?En Tu Contador Latino, sabemos que administrar la n\u00f3mina puede ser un desaf\u00edo, especialmente si no est\u00e1s familiarizado con las leyes laborales y fiscales de Estados Unidos. Ofrecemos un servicio 100 % en espa\u00f1ol, dise\u00f1ado [&hellip;]<\/p>","protected":false},"author":1,"featured_media":0,"parent":0,"menu_order":0,"comment_status":"closed","ping_status":"closed","template":"","meta":{"footnotes":""},"class_list":["post-38","page","type-page","status-publish","hentry"],"blocksy_meta":{"has_hero_section":"disabled","styles_descriptor":{"styles":{"desktop":"","tablet":"","mobile":""},"google_fonts":[],"version":6}},"_links":{"self":[{"href":"https:\/\/tucontadorlatino.com\/en\/wp-json\/wp\/v2\/pages\/38","targetHints":{"allow":["GET"]}}],"collection":[{"href":"https:\/\/tucontadorlatino.com\/en\/wp-json\/wp\/v2\/pages"}],"about":[{"href":"https:\/\/tucontadorlatino.com\/en\/wp-json\/wp\/v2\/types\/page"}],"author":[{"embeddable":true,"href":"https:\/\/tucontadorlatino.com\/en\/wp-json\/wp\/v2\/users\/1"}],"replies":[{"embeddable":true,"href":"https:\/\/tucontadorlatino.com\/en\/wp-json\/wp\/v2\/comments?post=38"}],"version-history":[{"count":6,"href":"https:\/\/tucontadorlatino.com\/en\/wp-json\/wp\/v2\/pages\/38\/revisions"}],"predecessor-version":[{"id":311,"href":"https:\/\/tucontadorlatino.com\/en\/wp-json\/wp\/v2\/pages\/38\/revisions\/311"}],"wp:attachment":[{"href":"https:\/\/tucontadorlatino.com\/en\/wp-json\/wp\/v2\/media?parent=38"}],"curies":[{"name":"wp","href":"https:\/\/api.w.org\/{rel}","templated":true}]}}